{"id":239516,"date":"2025-10-06T13:01:36","date_gmt":"2025-10-06T11:01:36","guid":{"rendered":"https:\/\/dokupedes.de\/dokupedes-dokumentshop\/?post_type=product&#038;p=239516"},"modified":"2025-10-22T13:32:33","modified_gmt":"2025-10-22T11:32:33","slug":"update-2025-behandlungsvertrag-onyfix-nagelkorrektursystem","status":"publish","type":"product","link":"https:\/\/dokupedes.de\/dokupedes-dokumentshop\/produkt\/update-2025-behandlungsvertrag-onyfix-nagelkorrektursystem\/","title":{"rendered":"Update 2025: Behandlungsvertrag Onyfix\u00ae Nagelkorrektursystem"},"content":{"rendered":"<p><strong>Update Oktober 2025: Neue Leistungsbeschreibung im Behandlungsvertrag gem\u00e4\u00df \u00c4nderungsvereinbarung zum Vertrag nach \u00a7125 Abs 1 SGB V<\/strong><\/p>\n<p><strong>Download Dokument zum selbst ausdrucken<\/strong><\/p>\n<p><strong>Seite 1<\/strong><\/p>\n<ul>\n<li>Aufkl\u00e4rungsprotokoll: Indikation, Behandlungsziel, Kontraindikationen &amp; Risiken,<\/li>\n<li>Behandlungsablauf f\u00fcr das Onyfix\u00ae Nagelkorrektursystem<\/li>\n<\/ul>\n<p><strong>Seite 2<\/strong><\/p>\n<ul>\n<li>Verhaltenshinweise<\/li>\n<\/ul>\n<p><strong>Seite 3<\/strong><\/p>\n<ul>\n<li>Behandlungsvertrag<\/li>\n<li>Einwilligungserkl\u00e4rung Abtretung &amp; Datenschutz<\/li>\n<li>Aufkl\u00e4rung zur Einhaltung der Behandlungstermine und Ausfallgeb\u00fchr<\/li>\n<li>Unterschrift Patient*in oder gesetzlicher Vertreter<\/li>\n<\/ul>\n<p><span style=\"color: #333333\"><strong>Nach Abschluss Ihrer Bestellung erhalten Sie eine E-Mail mit dem Download Link.<\/strong><\/span><br \/>\n<span style=\"color: #333333\"><strong>Klicken Sie\u00a0<\/strong><\/span><strong style=\"color: #333333\"> auf dem Ger\u00e4t\u00a0<\/strong><strong style=\"color: #333333\">auf den Download, wo Sie das Dokument speichern und benutzen m\u00f6chten. Das Dokument \u00f6ffnet sich.<\/strong><\/p>\n<p><span style=\"color: #333333\"><strong>Speichern Sie das Dokument nun am besten an mehreren Orten ab (PC Dateien, USB-Stick, NAS u.a.) Nun k\u00f6nnen Sie Ihr Dokument jederzeit finden und selbst ausdrucken.<\/strong><\/span><\/p>\n<p><b>1 Lizenz zum Download (Download Produkte bitte separat zu Lieferartikeln bestellen)<\/b><\/p>\n<p><strong>Alle Produkte von DokuPEDES\u00ae unterliegen dem Urheberrecht. Mit dem Kauf digitaler Produkte erwerben Sie als K\u00e4ufer*in eine Lizenz zum Ausdrucken und Verwenden in Ihrer Praxis. Die Weitergabe der Digitalen und Print Produkte der Firma DokuPEDES\u00ae an andere Personen, sowie das Kopieren, Vervielf\u00e4ltigen oder verwenden von Inhalten sind verboten und werden gem\u00e4\u00df Urheberrechtegesetz \u00a7\u00a7\u00a7 106\u2013111a UrhG strafrechtlich verfolgt.<\/strong><\/p>\n","protected":false},"excerpt":{"rendered":"<p><span style=\"color: #008080\"><strong>Update Oktober 2025: Neue Leistungsbeschreibung im Behandlungsvertrag gem\u00e4\u00df \u00c4nderungsvereinbarung zum Vertrag nach \u00a7125 Abs 1 SGB V<\/strong><\/span><\/p>\n<p><strong>Download Dokument zum selbst ausdrucken<\/strong><\/p>\n<ul>\n<li>Ausf\u00fcllbare Formularfelder f\u00fcr Patienten- und Praxisdaten<\/li>\n<li>Aufkl\u00e4rungsprotokoll: Indikation, Behandlungsziel, Kontraindikationen &amp; Risiken,<\/li>\n<li>Wirkungsweise und Behandlungsablauf f\u00fcr Nagelkorrektursystem Onyfix\u00ae<\/li>\n<li>Verhaltenshinweise f\u00fcr Patienten:innen<\/li>\n<li>Behandlungsvertrag<\/li>\n<li>Einwilligungserkl\u00e4rung<\/li>\n<li>Abtretungs- &amp; Datenschutzerkl\u00e4rung<\/li>\n<li>Aufkl\u00e4rung zur Einhaltung der Behandlungstermine und Ausfallgeb\u00fchr<\/li>\n<li>Unterschrift Patient*in oder gesetzlicher Vertreter<\/li>\n<\/ul>\n<p>Gem\u00e4\u00df \u00a7630e Patientenrechtegesetz erh\u00e4lt der Patient ein Exemplar der unterschriebenen Vereinbarung ausgeh\u00e4ndigt.<\/p>\n<p><b>Lizenz zum Download (Download Produkte bitte separat zu Lieferartikeln bestellen)<\/b><\/p>\n<p><strong>Alle Produkte von DokuPEDES\u00ae unterliegen dem Urheberrecht. Mit dem Kauf digitaler Produkte erwerben Sie als K\u00e4ufer*in eine Lizenz zum Ausdrucken und Verwenden in Ihrer Praxis. Die Weitergabe der Digitalen und Print Produkte der Firma DokuPEDES\u00ae an andere Personen, sowie das Kopieren, Vervielf\u00e4ltigen oder verwenden von Inhalten sind verboten und werden gem\u00e4\u00df Urheberrechtegesetz \u00a7\u00a7\u00a7 106\u2013111a UrhG strafrechtlich verfolgt.<\/strong><\/p>\n","protected":false},"featured_media":238262,"template":"","meta":{"_et_pb_use_builder":"off","_et_pb_old_content":"<h6><strong>Aufkl\u00e4rungsprotokoll l Behandlungsvertrag Nagelkorrektursystem Onyfix\u00ae<\/strong><\/h6>\r\n<strong>Download Dokument zum selbst ausdrucken<\/strong>\r\n<ul>\r\n \t<li>Aufkl\u00e4rungsprotokoll: Indikation, Behandlungsziel, Kontraindikationen & Risiken,<\/li>\r\n \t<li>Wirkungsweise und Behandlungsablauf f\u00fcr Nagelkorrektursystem Onyfix\u00ae<\/li>\r\n \t<li>Verhaltenshinweise f\u00fcr Patienten:innen<\/li>\r\n \t<li>Behandlungsvertrag<\/li>\r\n \t<li>Einwilligungserkl\u00e4rung Abtretung & Datenschutz<\/li>\r\n \t<li>Aufkl\u00e4rung zur Einhaltung der Behandlungstermine und Ausfallgeb\u00fchr<\/li>\r\n \t<li>Unterschrift Patient*in oder gesetzlicher Vertreter<\/li>\r\n<\/ul>\r\nGem\u00e4\u00df \u00a7630e Patientenrechtegesetz erh\u00e4lt der Patient ein Exemplar der unterschriebenen Vereinbarung ausgeh\u00e4ndigt.\r\n\r\n<b>Lizenz zum Download (Download Produkte bitte separat zu Lieferartikeln bestellen)<\/b>\r\n\r\n<strong>Alle Produkte von DokuPEDES\u00ae unterliegen dem Urheberrecht. Mit dem Kauf digitaler Produkte erwerben Sie als K\u00e4ufer*in eine Lizenz zum Ausdrucken und Verwenden in Ihrer Praxis. Die Weitergabe der Digitalen und Print Produkte der Firma DokuPEDES\u00ae an andere Personen, sowie das Kopieren, Vervielf\u00e4ltigen oder verwenden von Inhalten sind verboten und werden gem\u00e4\u00df Urheberrechtegesetz \u00a7\u00a7\u00a7 106\u2013111a UrhG strafrechtlich verfolgt.<\/strong>\r\n\r\n\u00a0\r\n\r\n\u00a0","_et_gb_content_width":""},"product_brand":[],"product_cat":[49,69,50],"product_tag":[88],"class_list":{"0":"post-239516","1":"product","2":"type-product","3":"status-publish","4":"has-post-thumbnail","6":"product_cat-behandlungsvertraege","7":"product_cat-digitale-dokumente","8":"product_cat-dokumentation-nagelspangenbehandlung","9":"product_tag-neu","11":"first","12":"instock","13":"downloadable","14":"virtual","15":"taxable","16":"purchasable","17":"product-type-simple"},"yoast_head":"<!-- This site is optimized with the Yoast SEO plugin v27.4 - https:\/\/yoast.com\/product\/yoast-seo-wordpress\/ -->\n<title>Behandlungsvereinbarung Onyfix - DokuPEDES\u00ae | DOKUMENTSHOP<\/title>\n<meta name=\"description\" content=\"Ausf\u00fchrliche Aufkl\u00e4rung \u00fcber die Wirkung, und Anwendung und den Behandlungsablauf mit dem Onyfix\u00ae Nagelkorrektursystem...\" \/>\n<meta name=\"robots\" content=\"index, follow, max-snippet:-1, max-image-preview:large, max-video-preview:-1\" \/>\n<link rel=\"canonical\" href=\"https:\/\/dokupedes.de\/dokupedes-dokumentshop\/produkt\/update-2025-behandlungsvertrag-onyfix-nagelkorrektursystem\/\" \/>\n<meta property=\"og:locale\" content=\"de_DE\" \/>\n<meta property=\"og:type\" content=\"article\" \/>\n<meta property=\"og:title\" content=\"Behandlungsvereinbarung Onyfix - DokuPEDES\u00ae | DOKUMENTSHOP\" \/>\n<meta property=\"og:description\" content=\"Ausf\u00fchrliche Aufkl\u00e4rung \u00fcber die Wirkung, und Anwendung und den Behandlungsablauf mit dem Onyfix\u00ae Nagelkorrektursystem...\" \/>\n<meta property=\"og:url\" content=\"https:\/\/dokupedes.de\/dokupedes-dokumentshop\/produkt\/update-2025-behandlungsvertrag-onyfix-nagelkorrektursystem\/\" \/>\n<meta property=\"og:site_name\" content=\"DokuPEDES\u00ae | DOKUMENTSHOP\" \/>\n<meta property=\"article:publisher\" content=\"https:\/\/www.facebook.com\/dokupedes\" \/>\n<meta property=\"article:modified_time\" content=\"2025-10-22T11:32:33+00:00\" \/>\n<meta property=\"og:image\" content=\"https:\/\/dokupedes.de\/dokupedes-dokumentshop\/wp-content\/uploads\/sites\/2\/2022\/09\/Digitales-Produkt1.jpg\" \/>\n\t<meta property=\"og:image:width\" content=\"1440\" \/>\n\t<meta property=\"og:image:height\" content=\"810\" \/>\n\t<meta property=\"og:image:type\" content=\"image\/jpeg\" \/>\n<meta name=\"twitter:card\" content=\"summary_large_image\" \/>\n<meta name=\"twitter:label1\" content=\"Gesch\u00e4tzte Lesezeit\" \/>\n\t<meta name=\"twitter:data1\" content=\"2\u00a0Minuten\" \/>\n<script type=\"application\/ld+json\" class=\"yoast-schema-graph\">{\"@context\":\"https:\\\/\\\/schema.org\",\"@graph\":[{\"@type\":\"WebPage\",\"@id\":\"https:\\\/\\\/dokupedes.de\\\/dokupedes-dokumentshop\\\/produkt\\\/update-2025-behandlungsvertrag-onyfix-nagelkorrektursystem\\\/\",\"url\":\"https:\\\/\\\/dokupedes.de\\\/dokupedes-dokumentshop\\\/produkt\\\/update-2025-behandlungsvertrag-onyfix-nagelkorrektursystem\\\/\",\"name\":\"Behandlungsvereinbarung Onyfix - DokuPEDES\u00ae | DOKUMENTSHOP\",\"isPartOf\":{\"@id\":\"https:\\\/\\\/dokupedes.de\\\/dokupedes-dokumentshop\\\/#website\"},\"primaryImageOfPage\":{\"@id\":\"https:\\\/\\\/dokupedes.de\\\/dokupedes-dokumentshop\\\/produkt\\\/update-2025-behandlungsvertrag-onyfix-nagelkorrektursystem\\\/#primaryimage\"},\"image\":{\"@id\":\"https:\\\/\\\/dokupedes.de\\\/dokupedes-dokumentshop\\\/produkt\\\/update-2025-behandlungsvertrag-onyfix-nagelkorrektursystem\\\/#primaryimage\"},\"thumbnailUrl\":\"https:\\\/\\\/dokupedes.de\\\/dokupedes-dokumentshop\\\/wp-content\\\/uploads\\\/sites\\\/2\\\/2022\\\/09\\\/Digitales-Produkt1.jpg\",\"datePublished\":\"2025-10-06T11:01:36+00:00\",\"dateModified\":\"2025-10-22T11:32:33+00:00\",\"description\":\"Ausf\u00fchrliche Aufkl\u00e4rung \u00fcber die Wirkung, und Anwendung und den Behandlungsablauf mit dem Onyfix\u00ae Nagelkorrektursystem...\",\"breadcrumb\":{\"@id\":\"https:\\\/\\\/dokupedes.de\\\/dokupedes-dokumentshop\\\/produkt\\\/update-2025-behandlungsvertrag-onyfix-nagelkorrektursystem\\\/#breadcrumb\"},\"inLanguage\":\"de\",\"potentialAction\":[{\"@type\":\"ReadAction\",\"target\":[\"https:\\\/\\\/dokupedes.de\\\/dokupedes-dokumentshop\\\/produkt\\\/update-2025-behandlungsvertrag-onyfix-nagelkorrektursystem\\\/\"]}]},{\"@type\":\"ImageObject\",\"inLanguage\":\"de\",\"@id\":\"https:\\\/\\\/dokupedes.de\\\/dokupedes-dokumentshop\\\/produkt\\\/update-2025-behandlungsvertrag-onyfix-nagelkorrektursystem\\\/#primaryimage\",\"url\":\"https:\\\/\\\/dokupedes.de\\\/dokupedes-dokumentshop\\\/wp-content\\\/uploads\\\/sites\\\/2\\\/2022\\\/09\\\/Digitales-Produkt1.jpg\",\"contentUrl\":\"https:\\\/\\\/dokupedes.de\\\/dokupedes-dokumentshop\\\/wp-content\\\/uploads\\\/sites\\\/2\\\/2022\\\/09\\\/Digitales-Produkt1.jpg\",\"width\":1440,\"height\":810,\"caption\":\"Digitales Produkt\"},{\"@type\":\"BreadcrumbList\",\"@id\":\"https:\\\/\\\/dokupedes.de\\\/dokupedes-dokumentshop\\\/produkt\\\/update-2025-behandlungsvertrag-onyfix-nagelkorrektursystem\\\/#breadcrumb\",\"itemListElement\":[{\"@type\":\"ListItem\",\"position\":1,\"name\":\"Startseite\",\"item\":\"https:\\\/\\\/dokupedes.de\\\/dokupedes-dokumentshop\\\/\"},{\"@type\":\"ListItem\",\"position\":2,\"name\":\"Shop\",\"item\":\"https:\\\/\\\/dokupedes.de\\\/dokupedes-dokumentshop\\\/\"},{\"@type\":\"ListItem\",\"position\":3,\"name\":\"Update 2025: Behandlungsvertrag Onyfix\u00ae Nagelkorrektursystem\"}]},{\"@type\":\"WebSite\",\"@id\":\"https:\\\/\\\/dokupedes.de\\\/dokupedes-dokumentshop\\\/#website\",\"url\":\"https:\\\/\\\/dokupedes.de\\\/dokupedes-dokumentshop\\\/\",\"name\":\"DokuPEDES\u00ae | DOKUMENTSHOP\",\"description\":\"Dokumentsystem f\u00fcr die Podologie\",\"publisher\":{\"@id\":\"https:\\\/\\\/dokupedes.de\\\/dokupedes-dokumentshop\\\/#organization\"},\"potentialAction\":[{\"@type\":\"SearchAction\",\"target\":{\"@type\":\"EntryPoint\",\"urlTemplate\":\"https:\\\/\\\/dokupedes.de\\\/dokupedes-dokumentshop\\\/?s={search_term_string}\"},\"query-input\":{\"@type\":\"PropertyValueSpecification\",\"valueRequired\":true,\"valueName\":\"search_term_string\"}}],\"inLanguage\":\"de\"},{\"@type\":\"Organization\",\"@id\":\"https:\\\/\\\/dokupedes.de\\\/dokupedes-dokumentshop\\\/#organization\",\"name\":\"DokuPEDES\u00ae | DOKUMENTSHOP\",\"url\":\"https:\\\/\\\/dokupedes.de\\\/dokupedes-dokumentshop\\\/\",\"logo\":{\"@type\":\"ImageObject\",\"inLanguage\":\"de\",\"@id\":\"https:\\\/\\\/dokupedes.de\\\/dokupedes-dokumentshop\\\/#\\\/schema\\\/logo\\\/image\\\/\",\"url\":\"https:\\\/\\\/dokupedes.de\\\/dokupedes-dokumentshop\\\/wp-content\\\/uploads\\\/sites\\\/2\\\/2021\\\/07\\\/DokuPEDES-xs.jpg\",\"contentUrl\":\"https:\\\/\\\/dokupedes.de\\\/dokupedes-dokumentshop\\\/wp-content\\\/uploads\\\/sites\\\/2\\\/2021\\\/07\\\/DokuPEDES-xs.jpg\",\"width\":480,\"height\":57,\"caption\":\"DokuPEDES\u00ae | DOKUMENTSHOP\"},\"image\":{\"@id\":\"https:\\\/\\\/dokupedes.de\\\/dokupedes-dokumentshop\\\/#\\\/schema\\\/logo\\\/image\\\/\"},\"sameAs\":[\"https:\\\/\\\/www.facebook.com\\\/dokupedes\"]}]}<\/script>\n<!-- \/ Yoast SEO plugin. -->","yoast_head_json":{"title":"Behandlungsvereinbarung Onyfix - DokuPEDES\u00ae | DOKUMENTSHOP","description":"Ausf\u00fchrliche Aufkl\u00e4rung \u00fcber die Wirkung, und Anwendung und den Behandlungsablauf mit dem Onyfix\u00ae Nagelkorrektursystem...","robots":{"index":"index","follow":"follow","max-snippet":"max-snippet:-1","max-image-preview":"max-image-preview:large","max-video-preview":"max-video-preview:-1"},"canonical":"https:\/\/dokupedes.de\/dokupedes-dokumentshop\/produkt\/update-2025-behandlungsvertrag-onyfix-nagelkorrektursystem\/","og_locale":"de_DE","og_type":"article","og_title":"Behandlungsvereinbarung Onyfix - DokuPEDES\u00ae | DOKUMENTSHOP","og_description":"Ausf\u00fchrliche Aufkl\u00e4rung \u00fcber die Wirkung, und Anwendung und den Behandlungsablauf mit dem Onyfix\u00ae Nagelkorrektursystem...","og_url":"https:\/\/dokupedes.de\/dokupedes-dokumentshop\/produkt\/update-2025-behandlungsvertrag-onyfix-nagelkorrektursystem\/","og_site_name":"DokuPEDES\u00ae | DOKUMENTSHOP","article_publisher":"https:\/\/www.facebook.com\/dokupedes","article_modified_time":"2025-10-22T11:32:33+00:00","og_image":[{"width":1440,"height":810,"url":"https:\/\/dokupedes.de\/dokupedes-dokumentshop\/wp-content\/uploads\/sites\/2\/2022\/09\/Digitales-Produkt1.jpg","type":"image\/jpeg"}],"twitter_card":"summary_large_image","twitter_misc":{"Gesch\u00e4tzte Lesezeit":"2\u00a0Minuten"},"schema":{"@context":"https:\/\/schema.org","@graph":[{"@type":"WebPage","@id":"https:\/\/dokupedes.de\/dokupedes-dokumentshop\/produkt\/update-2025-behandlungsvertrag-onyfix-nagelkorrektursystem\/","url":"https:\/\/dokupedes.de\/dokupedes-dokumentshop\/produkt\/update-2025-behandlungsvertrag-onyfix-nagelkorrektursystem\/","name":"Behandlungsvereinbarung Onyfix - DokuPEDES\u00ae | DOKUMENTSHOP","isPartOf":{"@id":"https:\/\/dokupedes.de\/dokupedes-dokumentshop\/#website"},"primaryImageOfPage":{"@id":"https:\/\/dokupedes.de\/dokupedes-dokumentshop\/produkt\/update-2025-behandlungsvertrag-onyfix-nagelkorrektursystem\/#primaryimage"},"image":{"@id":"https:\/\/dokupedes.de\/dokupedes-dokumentshop\/produkt\/update-2025-behandlungsvertrag-onyfix-nagelkorrektursystem\/#primaryimage"},"thumbnailUrl":"https:\/\/dokupedes.de\/dokupedes-dokumentshop\/wp-content\/uploads\/sites\/2\/2022\/09\/Digitales-Produkt1.jpg","datePublished":"2025-10-06T11:01:36+00:00","dateModified":"2025-10-22T11:32:33+00:00","description":"Ausf\u00fchrliche Aufkl\u00e4rung \u00fcber die Wirkung, und Anwendung und den Behandlungsablauf mit dem Onyfix\u00ae Nagelkorrektursystem...","breadcrumb":{"@id":"https:\/\/dokupedes.de\/dokupedes-dokumentshop\/produkt\/update-2025-behandlungsvertrag-onyfix-nagelkorrektursystem\/#breadcrumb"},"inLanguage":"de","potentialAction":[{"@type":"ReadAction","target":["https:\/\/dokupedes.de\/dokupedes-dokumentshop\/produkt\/update-2025-behandlungsvertrag-onyfix-nagelkorrektursystem\/"]}]},{"@type":"ImageObject","inLanguage":"de","@id":"https:\/\/dokupedes.de\/dokupedes-dokumentshop\/produkt\/update-2025-behandlungsvertrag-onyfix-nagelkorrektursystem\/#primaryimage","url":"https:\/\/dokupedes.de\/dokupedes-dokumentshop\/wp-content\/uploads\/sites\/2\/2022\/09\/Digitales-Produkt1.jpg","contentUrl":"https:\/\/dokupedes.de\/dokupedes-dokumentshop\/wp-content\/uploads\/sites\/2\/2022\/09\/Digitales-Produkt1.jpg","width":1440,"height":810,"caption":"Digitales Produkt"},{"@type":"BreadcrumbList","@id":"https:\/\/dokupedes.de\/dokupedes-dokumentshop\/produkt\/update-2025-behandlungsvertrag-onyfix-nagelkorrektursystem\/#breadcrumb","itemListElement":[{"@type":"ListItem","position":1,"name":"Startseite","item":"https:\/\/dokupedes.de\/dokupedes-dokumentshop\/"},{"@type":"ListItem","position":2,"name":"Shop","item":"https:\/\/dokupedes.de\/dokupedes-dokumentshop\/"},{"@type":"ListItem","position":3,"name":"Update 2025: Behandlungsvertrag Onyfix\u00ae Nagelkorrektursystem"}]},{"@type":"WebSite","@id":"https:\/\/dokupedes.de\/dokupedes-dokumentshop\/#website","url":"https:\/\/dokupedes.de\/dokupedes-dokumentshop\/","name":"DokuPEDES\u00ae | DOKUMENTSHOP","description":"Dokumentsystem f\u00fcr die Podologie","publisher":{"@id":"https:\/\/dokupedes.de\/dokupedes-dokumentshop\/#organization"},"potentialAction":[{"@type":"SearchAction","target":{"@type":"EntryPoint","urlTemplate":"https:\/\/dokupedes.de\/dokupedes-dokumentshop\/?s={search_term_string}"},"query-input":{"@type":"PropertyValueSpecification","valueRequired":true,"valueName":"search_term_string"}}],"inLanguage":"de"},{"@type":"Organization","@id":"https:\/\/dokupedes.de\/dokupedes-dokumentshop\/#organization","name":"DokuPEDES\u00ae | DOKUMENTSHOP","url":"https:\/\/dokupedes.de\/dokupedes-dokumentshop\/","logo":{"@type":"ImageObject","inLanguage":"de","@id":"https:\/\/dokupedes.de\/dokupedes-dokumentshop\/#\/schema\/logo\/image\/","url":"https:\/\/dokupedes.de\/dokupedes-dokumentshop\/wp-content\/uploads\/sites\/2\/2021\/07\/DokuPEDES-xs.jpg","contentUrl":"https:\/\/dokupedes.de\/dokupedes-dokumentshop\/wp-content\/uploads\/sites\/2\/2021\/07\/DokuPEDES-xs.jpg","width":480,"height":57,"caption":"DokuPEDES\u00ae | DOKUMENTSHOP"},"image":{"@id":"https:\/\/dokupedes.de\/dokupedes-dokumentshop\/#\/schema\/logo\/image\/"},"sameAs":["https:\/\/www.facebook.com\/dokupedes"]}]}},"_links":{"self":[{"href":"https:\/\/dokupedes.de\/dokupedes-dokumentshop\/wp-json\/wp\/v2\/product\/239516","targetHints":{"allow":["GET"]}}],"collection":[{"href":"https:\/\/dokupedes.de\/dokupedes-dokumentshop\/wp-json\/wp\/v2\/product"}],"about":[{"href":"https:\/\/dokupedes.de\/dokupedes-dokumentshop\/wp-json\/wp\/v2\/types\/product"}],"wp:featuredmedia":[{"embeddable":true,"href":"https:\/\/dokupedes.de\/dokupedes-dokumentshop\/wp-json\/wp\/v2\/media\/238262"}],"wp:attachment":[{"href":"https:\/\/dokupedes.de\/dokupedes-dokumentshop\/wp-json\/wp\/v2\/media?parent=239516"}],"wp:term":[{"taxonomy":"product_brand","embeddable":true,"href":"https:\/\/dokupedes.de\/dokupedes-dokumentshop\/wp-json\/wp\/v2\/product_brand?post=239516"},{"taxonomy":"product_cat","embeddable":true,"href":"https:\/\/dokupedes.de\/dokupedes-dokumentshop\/wp-json\/wp\/v2\/product_cat?post=239516"},{"taxonomy":"product_tag","embeddable":true,"href":"https:\/\/dokupedes.de\/dokupedes-dokumentshop\/wp-json\/wp\/v2\/product_tag?post=239516"}],"curies":[{"name":"wp","href":"https:\/\/api.w.org\/{rel}","templated":true}]}}