{"id":239513,"date":"2025-10-06T12:09:13","date_gmt":"2025-10-06T10:09:13","guid":{"rendered":"https:\/\/dokupedes.de\/dokupedes-dokumentshop\/?post_type=product&#038;p=239513"},"modified":"2025-10-22T13:35:10","modified_gmt":"2025-10-22T11:35:10","slug":"update-2025-behandlungsvertrag-aufklaerungsprotokoll-3to-combiped-podostripe-podofix-nagelkorrekturbehandlung","status":"publish","type":"product","link":"https:\/\/dokupedes.de\/dokupedes-dokumentshop\/produkt\/update-2025-behandlungsvertrag-aufklaerungsprotokoll-3to-combiped-podostripe-podofix-nagelkorrekturbehandlung\/","title":{"rendered":"Update 2025: Behandlungsvertrag &amp; Aufkl\u00e4rungsprotokoll  3TO &#8211; COMBIped &#8211; PODOSTRIPE &#8211; podofix &#8211; Nagelkorrekturbehandlung"},"content":{"rendered":"<p><strong>Download Dokument zum selbst ausdrucken<\/strong><\/p>\n<p><span style=\"color: #333333\"><strong>Seite 1<\/strong><\/span><\/p>\n<ul>\n<li><span style=\"color: #333333\">Aufkl\u00e4rungsprotokoll: Indikation, Behandlungsziel, Kontraindikationen &amp; Risiken, Behandlungsablauf<br \/>\n<\/span><\/li>\n<\/ul>\n<p><span style=\"color: #333333\"><strong>Seite 2<\/strong><\/span><\/p>\n<ul>\n<li><span style=\"color: #333333\">Aufkl\u00e4rungsprotokoll: Funktionsweise &amp; Behandlungsablauf f\u00fcr Spangentyp 3TO<sup>\u00ae<\/sup> und CombiPED<sup>\u00ae <\/sup>Spange,<br \/>\n<\/span><\/li>\n<\/ul>\n<p><span style=\"color: #333333\"><strong>Seite 3<\/strong><\/span><\/p>\n<ul>\n<li><span style=\"color: #333333\">Aufkl\u00e4rungsprotokoll: Funktionsweise &amp; Behandlungsablauf f\u00fcr Spangentyp PODOSTRIPE<sup>\u00ae<\/sup> und podofix<sup>\u00ae<\/sup><\/span><\/li>\n<\/ul>\n<p><span style=\"color: #333333\"><strong>Seite 4<\/strong><\/span><\/p>\n<ul>\n<li><span style=\"color: #333333\">Aufkl\u00e4rungsprotokoll: Verhaltenshinweise f\u00fcr Patienten bei Nagelkorrekturbehandlung<br \/>\n<\/span><\/li>\n<\/ul>\n<p><span style=\"color: #333333\"><strong>Seite 5<br \/>\n<\/strong><\/span><\/p>\n<ul>\n<li><span style=\"color: #333333\">Behandlungsvertrag\u00a0<\/span><\/li>\n<li><span style=\"color: #333333\">Einwilligungserkl\u00e4rung,\u00a0<\/span><\/li>\n<li><span style=\"color: #333333\">Abtretungs- &amp; Datenschutzerkl\u00e4rung<\/span><\/li>\n<li><span style=\"color: #333333\">Aufkl\u00e4rung zur Einhaltung der Behandlungstermine und Ausfallgeb\u00fchr<\/span><\/li>\n<li><span style=\"color: #333333\">Unterschrift Patient*in oder gesetzlicher Vertreter<\/span><\/li>\n<\/ul>\n<p>&nbsp;<\/p>\n<p><span style=\"color: #333333\"><strong>Nach Abschluss Ihrer Bestellung erhalten Sie eine E-Mail mit dem Download Link.<\/strong><\/span><br \/>\n<span style=\"color: #333333\"><strong>Klicken Sie\u00a0<\/strong><\/span><strong style=\"color: #333333\"> auf dem Ger\u00e4t\u00a0<\/strong><strong style=\"color: #333333\">auf den Download, wo Sie das Dokument speichern und benutzen m\u00f6chten. Das Dokument \u00f6ffnet sich.<\/strong><\/p>\n<p><span style=\"color: #333333\"><strong>Speichern Sie das Dokument nun am besten an mehreren Orten ab (PC Dateien, USB-Stick, NAS u.a.) Nun k\u00f6nnen Sie Ihr Dokument jederzeit finden und selbst ausdrucken.<\/strong><\/span><\/p>\n<p><b>1 Lizenz zum Download &#8211; 5 Seiten (Download Produkte bitte separat zu Lieferartikeln bestellen)<\/b><\/p>\n<p><strong>Alle Produkte von DokuPEDES\u00ae unterliegen dem Urheberrecht. Mit dem Kauf digitaler Produkte erwerben Sie als K\u00e4ufer*in eine Lizenz zum Ausdrucken und Verwenden in Ihrer Praxis. Die Weitergabe der Digitalen und Print Produkte der Firma DokuPEDES\u00ae an andere Personen, sowie das Kopieren, Vervielf\u00e4ltigen oder verwenden von Inhalten sind verboten und werden gem\u00e4\u00df Urheberrechtegesetz \u00a7\u00a7\u00a7 106\u2013111a UrhG strafrechtlich verfolgt.<\/strong><\/p>\n<p><strong>\u00a0<\/strong><\/p>\n","protected":false},"excerpt":{"rendered":"<p><strong><span style=\"color: #008080\">Update Oktober 2025: Neue Leistungsbeschreibung im Behandlungsvertrag gem\u00e4\u00df \u00c4nderungsvereinbarung zum Vertrag nach \u00a7125 Abs 1 SGB V<\/span><\/strong><\/p>\n<p><span style=\"color: #993300\"><strong>Download Dokument zum selbst ausdrucken (5 Seiten)<\/strong><\/span><\/p>\n<ul>\n<li><span style=\"color: #333333\">Ausf\u00fcllbare Formularfelder f\u00fcr Patienten- und Praxisdaten<\/span><\/li>\n<li><span style=\"color: #333333\">Aufkl\u00e4rungsprotokoll: Indikation, Behandlungsziel, Kontraindikationen &amp; Risiken,<\/span><\/li>\n<li><span style=\"color: #333333\">Wirkungsweise und Behandlungsablauf f\u00fcr Spangentyp: 3TO<sup>\u00ae<\/sup>, PODOSTRIPE<sup>\u00ae<\/sup>, podofix<sup>\u00ae <\/sup>und COMBIped<sup>\u00ae\u00a0<\/sup>Nagelkorrekturspangen<\/span><\/li>\n<li><span style=\"color: #333333\">Verhaltenshinweise f\u00fcr Patienten:innen<br \/>\n<\/span><\/li>\n<li><span style=\"color: #333333\">Behandlungsvertrag\u00a0<\/span><\/li>\n<li><span style=\"color: #333333\">Einwilligungserkl\u00e4rung <\/span><\/li>\n<li><span style=\"color: #333333\">Abtretungs- &amp; Datenschutzerkl\u00e4rung<\/span><\/li>\n<li><span style=\"color: #333333\">Aufkl\u00e4rung zur Einhaltung der Behandlungstermine und Ausfallgeb\u00fchr<\/span><\/li>\n<li><span style=\"color: #333333\">Unterschrift Patient*in oder gesetzlicher Vertreter<\/span><\/li>\n<\/ul>\n<p>&nbsp;<\/p>\n<p><span style=\"color: #333333\"><b>1 Lizenz zum Download (Download Produkte bitte separat zu Lieferartikeln bestellen)<\/b><\/span><\/p>\n<p><strong>Alle Produkte von DokuPEDES\u00ae unterliegen dem Urheberrecht. Mit dem Kauf digitaler Produkte erwerben Sie als K\u00e4ufer*in eine Lizenz zum Ausdrucken und Verwenden in Ihrer Praxis. Die Weitergabe der Digitalen und Print Produkte der Firma DokuPEDES\u00ae an andere Personen, sowie das Kopieren, Vervielf\u00e4ltigen oder verwenden von Inhalten sind verboten und werden gem\u00e4\u00df Urheberrechtegesetz \u00a7\u00a7\u00a7 106\u2013111a UrhG strafrechtlich verfolgt.<\/strong><\/p>\n<p><strong>\u00a0<\/strong><\/p>\n<p>&nbsp;<\/p>\n","protected":false},"featured_media":238262,"template":"","meta":{"_et_pb_use_builder":"","_et_pb_old_content":"","_et_gb_content_width":""},"product_brand":[],"product_cat":[49,69,50],"product_tag":[88],"class_list":{"0":"post-239513","1":"product","2":"type-product","3":"status-publish","4":"has-post-thumbnail","6":"product_cat-behandlungsvertraege","7":"product_cat-digitale-dokumente","8":"product_cat-dokumentation-nagelspangenbehandlung","9":"product_tag-neu","11":"first","12":"instock","13":"downloadable","14":"virtual","15":"taxable","16":"purchasable","17":"product-type-simple"},"yoast_head":"<!-- This site is optimized with the Yoast SEO plugin v27.4 - https:\/\/yoast.com\/product\/yoast-seo-wordpress\/ -->\n<title>Update 2025: Behandlungsvertrag &amp; Aufkl\u00e4rungsprotokoll 3TO - COMBIped - PODOSTRIPE - podofix - Nagelkorrekturbehandlung - DokuPEDES\u00ae | DOKUMENTSHOP<\/title>\n<meta name=\"robots\" content=\"index, follow, max-snippet:-1, max-image-preview:large, max-video-preview:-1\" \/>\n<link rel=\"canonical\" href=\"https:\/\/dokupedes.de\/dokupedes-dokumentshop\/produkt\/update-2025-behandlungsvertrag-aufklaerungsprotokoll-3to-combiped-podostripe-podofix-nagelkorrekturbehandlung\/\" \/>\n<meta property=\"og:locale\" content=\"de_DE\" \/>\n<meta property=\"og:type\" content=\"article\" \/>\n<meta property=\"og:title\" content=\"Update 2025: Behandlungsvertrag &amp; Aufkl\u00e4rungsprotokoll 3TO - COMBIped - PODOSTRIPE - podofix - Nagelkorrekturbehandlung - DokuPEDES\u00ae | DOKUMENTSHOP\" \/>\n<meta property=\"og:description\" content=\"Update Oktober 2025: Neue Leistungsbeschreibung im Behandlungsvertrag gem\u00e4\u00df \u00c4nderungsvereinbarung zum Vertrag nach \u00a7125 Abs 1 SGB V  Download Dokument zum selbst ausdrucken (5 Seiten)   Ausf\u00fcllbare Formularfelder f\u00fcr Patienten- und Praxisdaten  Aufkl\u00e4rungsprotokoll: Indikation, Behandlungsziel, Kontraindikationen &amp; Risiken,  Wirkungsweise und Behandlungsablauf f\u00fcr Spangentyp: 3TO\u00ae, PODOSTRIPE\u00ae, podofix\u00ae und COMBIped\u00ae\u00a0Nagelkorrekturspangen  Verhaltenshinweise f\u00fcr Patienten:innen   Behandlungsvertrag\u00a0  Einwilligungserkl\u00e4rung   Abtretungs- &amp; Datenschutzerkl\u00e4rung  Aufkl\u00e4rung zur Einhaltung der Behandlungstermine und Ausfallgeb\u00fchr  Unterschrift Patient*in oder gesetzlicher Vertreter  &nbsp;  1 Lizenz zum Download (Download Produkte bitte separat zu Lieferartikeln bestellen)  Alle Produkte von DokuPEDES\u00ae unterliegen dem Urheberrecht. Mit dem Kauf digitaler Produkte erwerben Sie als K\u00e4ufer*in eine Lizenz zum Ausdrucken und Verwenden in Ihrer Praxis. Die Weitergabe der Digitalen und Print Produkte der Firma DokuPEDES\u00ae an andere Personen, sowie das Kopieren, Vervielf\u00e4ltigen oder verwenden von Inhalten sind verboten und werden gem\u00e4\u00df Urheberrechtegesetz \u00a7\u00a7\u00a7 106\u2013111a UrhG strafrechtlich verfolgt.  \u00a0  &nbsp;\" \/>\n<meta property=\"og:url\" content=\"https:\/\/dokupedes.de\/dokupedes-dokumentshop\/produkt\/update-2025-behandlungsvertrag-aufklaerungsprotokoll-3to-combiped-podostripe-podofix-nagelkorrekturbehandlung\/\" \/>\n<meta property=\"og:site_name\" content=\"DokuPEDES\u00ae | DOKUMENTSHOP\" \/>\n<meta property=\"article:publisher\" content=\"https:\/\/www.facebook.com\/dokupedes\" \/>\n<meta property=\"article:modified_time\" content=\"2025-10-22T11:35:10+00:00\" \/>\n<meta property=\"og:image\" content=\"https:\/\/dokupedes.de\/dokupedes-dokumentshop\/wp-content\/uploads\/sites\/2\/2022\/09\/Digitales-Produkt1.jpg\" \/>\n\t<meta property=\"og:image:width\" content=\"1440\" \/>\n\t<meta property=\"og:image:height\" content=\"810\" \/>\n\t<meta property=\"og:image:type\" content=\"image\/jpeg\" \/>\n<meta name=\"twitter:card\" content=\"summary_large_image\" \/>\n<meta name=\"twitter:label1\" content=\"Gesch\u00e4tzte Lesezeit\" \/>\n\t<meta name=\"twitter:data1\" content=\"2\u00a0Minuten\" \/>\n<script type=\"application\/ld+json\" class=\"yoast-schema-graph\">{\"@context\":\"https:\\\/\\\/schema.org\",\"@graph\":[{\"@type\":\"WebPage\",\"@id\":\"https:\\\/\\\/dokupedes.de\\\/dokupedes-dokumentshop\\\/produkt\\\/update-2025-behandlungsvertrag-aufklaerungsprotokoll-3to-combiped-podostripe-podofix-nagelkorrekturbehandlung\\\/\",\"url\":\"https:\\\/\\\/dokupedes.de\\\/dokupedes-dokumentshop\\\/produkt\\\/update-2025-behandlungsvertrag-aufklaerungsprotokoll-3to-combiped-podostripe-podofix-nagelkorrekturbehandlung\\\/\",\"name\":\"Update 2025: Behandlungsvertrag &amp; Aufkl\u00e4rungsprotokoll 3TO - COMBIped - PODOSTRIPE - podofix - Nagelkorrekturbehandlung - DokuPEDES\u00ae | DOKUMENTSHOP\",\"isPartOf\":{\"@id\":\"https:\\\/\\\/dokupedes.de\\\/dokupedes-dokumentshop\\\/#website\"},\"primaryImageOfPage\":{\"@id\":\"https:\\\/\\\/dokupedes.de\\\/dokupedes-dokumentshop\\\/produkt\\\/update-2025-behandlungsvertrag-aufklaerungsprotokoll-3to-combiped-podostripe-podofix-nagelkorrekturbehandlung\\\/#primaryimage\"},\"image\":{\"@id\":\"https:\\\/\\\/dokupedes.de\\\/dokupedes-dokumentshop\\\/produkt\\\/update-2025-behandlungsvertrag-aufklaerungsprotokoll-3to-combiped-podostripe-podofix-nagelkorrekturbehandlung\\\/#primaryimage\"},\"thumbnailUrl\":\"https:\\\/\\\/dokupedes.de\\\/dokupedes-dokumentshop\\\/wp-content\\\/uploads\\\/sites\\\/2\\\/2022\\\/09\\\/Digitales-Produkt1.jpg\",\"datePublished\":\"2025-10-06T10:09:13+00:00\",\"dateModified\":\"2025-10-22T11:35:10+00:00\",\"breadcrumb\":{\"@id\":\"https:\\\/\\\/dokupedes.de\\\/dokupedes-dokumentshop\\\/produkt\\\/update-2025-behandlungsvertrag-aufklaerungsprotokoll-3to-combiped-podostripe-podofix-nagelkorrekturbehandlung\\\/#breadcrumb\"},\"inLanguage\":\"de\",\"potentialAction\":[{\"@type\":\"ReadAction\",\"target\":[\"https:\\\/\\\/dokupedes.de\\\/dokupedes-dokumentshop\\\/produkt\\\/update-2025-behandlungsvertrag-aufklaerungsprotokoll-3to-combiped-podostripe-podofix-nagelkorrekturbehandlung\\\/\"]}]},{\"@type\":\"ImageObject\",\"inLanguage\":\"de\",\"@id\":\"https:\\\/\\\/dokupedes.de\\\/dokupedes-dokumentshop\\\/produkt\\\/update-2025-behandlungsvertrag-aufklaerungsprotokoll-3to-combiped-podostripe-podofix-nagelkorrekturbehandlung\\\/#primaryimage\",\"url\":\"https:\\\/\\\/dokupedes.de\\\/dokupedes-dokumentshop\\\/wp-content\\\/uploads\\\/sites\\\/2\\\/2022\\\/09\\\/Digitales-Produkt1.jpg\",\"contentUrl\":\"https:\\\/\\\/dokupedes.de\\\/dokupedes-dokumentshop\\\/wp-content\\\/uploads\\\/sites\\\/2\\\/2022\\\/09\\\/Digitales-Produkt1.jpg\",\"width\":1440,\"height\":810,\"caption\":\"Digitales Produkt\"},{\"@type\":\"BreadcrumbList\",\"@id\":\"https:\\\/\\\/dokupedes.de\\\/dokupedes-dokumentshop\\\/produkt\\\/update-2025-behandlungsvertrag-aufklaerungsprotokoll-3to-combiped-podostripe-podofix-nagelkorrekturbehandlung\\\/#breadcrumb\",\"itemListElement\":[{\"@type\":\"ListItem\",\"position\":1,\"name\":\"Startseite\",\"item\":\"https:\\\/\\\/dokupedes.de\\\/dokupedes-dokumentshop\\\/\"},{\"@type\":\"ListItem\",\"position\":2,\"name\":\"Shop\",\"item\":\"https:\\\/\\\/dokupedes.de\\\/dokupedes-dokumentshop\\\/\"},{\"@type\":\"ListItem\",\"position\":3,\"name\":\"Update 2025: Behandlungsvertrag &amp; Aufkl\u00e4rungsprotokoll 3TO &#8211; COMBIped &#8211; PODOSTRIPE &#8211; podofix &#8211; Nagelkorrekturbehandlung\"}]},{\"@type\":\"WebSite\",\"@id\":\"https:\\\/\\\/dokupedes.de\\\/dokupedes-dokumentshop\\\/#website\",\"url\":\"https:\\\/\\\/dokupedes.de\\\/dokupedes-dokumentshop\\\/\",\"name\":\"DokuPEDES\u00ae | DOKUMENTSHOP\",\"description\":\"Dokumentsystem f\u00fcr die Podologie\",\"publisher\":{\"@id\":\"https:\\\/\\\/dokupedes.de\\\/dokupedes-dokumentshop\\\/#organization\"},\"potentialAction\":[{\"@type\":\"SearchAction\",\"target\":{\"@type\":\"EntryPoint\",\"urlTemplate\":\"https:\\\/\\\/dokupedes.de\\\/dokupedes-dokumentshop\\\/?s={search_term_string}\"},\"query-input\":{\"@type\":\"PropertyValueSpecification\",\"valueRequired\":true,\"valueName\":\"search_term_string\"}}],\"inLanguage\":\"de\"},{\"@type\":\"Organization\",\"@id\":\"https:\\\/\\\/dokupedes.de\\\/dokupedes-dokumentshop\\\/#organization\",\"name\":\"DokuPEDES\u00ae | DOKUMENTSHOP\",\"url\":\"https:\\\/\\\/dokupedes.de\\\/dokupedes-dokumentshop\\\/\",\"logo\":{\"@type\":\"ImageObject\",\"inLanguage\":\"de\",\"@id\":\"https:\\\/\\\/dokupedes.de\\\/dokupedes-dokumentshop\\\/#\\\/schema\\\/logo\\\/image\\\/\",\"url\":\"https:\\\/\\\/dokupedes.de\\\/dokupedes-dokumentshop\\\/wp-content\\\/uploads\\\/sites\\\/2\\\/2021\\\/07\\\/DokuPEDES-xs.jpg\",\"contentUrl\":\"https:\\\/\\\/dokupedes.de\\\/dokupedes-dokumentshop\\\/wp-content\\\/uploads\\\/sites\\\/2\\\/2021\\\/07\\\/DokuPEDES-xs.jpg\",\"width\":480,\"height\":57,\"caption\":\"DokuPEDES\u00ae | DOKUMENTSHOP\"},\"image\":{\"@id\":\"https:\\\/\\\/dokupedes.de\\\/dokupedes-dokumentshop\\\/#\\\/schema\\\/logo\\\/image\\\/\"},\"sameAs\":[\"https:\\\/\\\/www.facebook.com\\\/dokupedes\"]}]}<\/script>\n<!-- \/ Yoast SEO plugin. -->","yoast_head_json":{"title":"Update 2025: Behandlungsvertrag &amp; Aufkl\u00e4rungsprotokoll 3TO - COMBIped - PODOSTRIPE - podofix - Nagelkorrekturbehandlung - DokuPEDES\u00ae | DOKUMENTSHOP","robots":{"index":"index","follow":"follow","max-snippet":"max-snippet:-1","max-image-preview":"max-image-preview:large","max-video-preview":"max-video-preview:-1"},"canonical":"https:\/\/dokupedes.de\/dokupedes-dokumentshop\/produkt\/update-2025-behandlungsvertrag-aufklaerungsprotokoll-3to-combiped-podostripe-podofix-nagelkorrekturbehandlung\/","og_locale":"de_DE","og_type":"article","og_title":"Update 2025: Behandlungsvertrag &amp; Aufkl\u00e4rungsprotokoll 3TO - COMBIped - PODOSTRIPE - podofix - Nagelkorrekturbehandlung - DokuPEDES\u00ae | DOKUMENTSHOP","og_description":"Update Oktober 2025: Neue Leistungsbeschreibung im Behandlungsvertrag gem\u00e4\u00df \u00c4nderungsvereinbarung zum Vertrag nach \u00a7125 Abs 1 SGB V  Download Dokument zum selbst ausdrucken (5 Seiten)   Ausf\u00fcllbare Formularfelder f\u00fcr Patienten- und Praxisdaten  Aufkl\u00e4rungsprotokoll: Indikation, Behandlungsziel, Kontraindikationen &amp; Risiken,  Wirkungsweise und Behandlungsablauf f\u00fcr Spangentyp: 3TO\u00ae, PODOSTRIPE\u00ae, podofix\u00ae und COMBIped\u00ae\u00a0Nagelkorrekturspangen  Verhaltenshinweise f\u00fcr Patienten:innen   Behandlungsvertrag\u00a0  Einwilligungserkl\u00e4rung   Abtretungs- &amp; Datenschutzerkl\u00e4rung  Aufkl\u00e4rung zur Einhaltung der Behandlungstermine und Ausfallgeb\u00fchr  Unterschrift Patient*in oder gesetzlicher Vertreter  &nbsp;  1 Lizenz zum Download (Download Produkte bitte separat zu Lieferartikeln bestellen)  Alle Produkte von DokuPEDES\u00ae unterliegen dem Urheberrecht. Mit dem Kauf digitaler Produkte erwerben Sie als K\u00e4ufer*in eine Lizenz zum Ausdrucken und Verwenden in Ihrer Praxis. Die Weitergabe der Digitalen und Print Produkte der Firma DokuPEDES\u00ae an andere Personen, sowie das Kopieren, Vervielf\u00e4ltigen oder verwenden von Inhalten sind verboten und werden gem\u00e4\u00df Urheberrechtegesetz \u00a7\u00a7\u00a7 106\u2013111a UrhG strafrechtlich verfolgt.  \u00a0  &nbsp;","og_url":"https:\/\/dokupedes.de\/dokupedes-dokumentshop\/produkt\/update-2025-behandlungsvertrag-aufklaerungsprotokoll-3to-combiped-podostripe-podofix-nagelkorrekturbehandlung\/","og_site_name":"DokuPEDES\u00ae | DOKUMENTSHOP","article_publisher":"https:\/\/www.facebook.com\/dokupedes","article_modified_time":"2025-10-22T11:35:10+00:00","og_image":[{"width":1440,"height":810,"url":"https:\/\/dokupedes.de\/dokupedes-dokumentshop\/wp-content\/uploads\/sites\/2\/2022\/09\/Digitales-Produkt1.jpg","type":"image\/jpeg"}],"twitter_card":"summary_large_image","twitter_misc":{"Gesch\u00e4tzte Lesezeit":"2\u00a0Minuten"},"schema":{"@context":"https:\/\/schema.org","@graph":[{"@type":"WebPage","@id":"https:\/\/dokupedes.de\/dokupedes-dokumentshop\/produkt\/update-2025-behandlungsvertrag-aufklaerungsprotokoll-3to-combiped-podostripe-podofix-nagelkorrekturbehandlung\/","url":"https:\/\/dokupedes.de\/dokupedes-dokumentshop\/produkt\/update-2025-behandlungsvertrag-aufklaerungsprotokoll-3to-combiped-podostripe-podofix-nagelkorrekturbehandlung\/","name":"Update 2025: Behandlungsvertrag &amp; Aufkl\u00e4rungsprotokoll 3TO - COMBIped - PODOSTRIPE - podofix - Nagelkorrekturbehandlung - DokuPEDES\u00ae | DOKUMENTSHOP","isPartOf":{"@id":"https:\/\/dokupedes.de\/dokupedes-dokumentshop\/#website"},"primaryImageOfPage":{"@id":"https:\/\/dokupedes.de\/dokupedes-dokumentshop\/produkt\/update-2025-behandlungsvertrag-aufklaerungsprotokoll-3to-combiped-podostripe-podofix-nagelkorrekturbehandlung\/#primaryimage"},"image":{"@id":"https:\/\/dokupedes.de\/dokupedes-dokumentshop\/produkt\/update-2025-behandlungsvertrag-aufklaerungsprotokoll-3to-combiped-podostripe-podofix-nagelkorrekturbehandlung\/#primaryimage"},"thumbnailUrl":"https:\/\/dokupedes.de\/dokupedes-dokumentshop\/wp-content\/uploads\/sites\/2\/2022\/09\/Digitales-Produkt1.jpg","datePublished":"2025-10-06T10:09:13+00:00","dateModified":"2025-10-22T11:35:10+00:00","breadcrumb":{"@id":"https:\/\/dokupedes.de\/dokupedes-dokumentshop\/produkt\/update-2025-behandlungsvertrag-aufklaerungsprotokoll-3to-combiped-podostripe-podofix-nagelkorrekturbehandlung\/#breadcrumb"},"inLanguage":"de","potentialAction":[{"@type":"ReadAction","target":["https:\/\/dokupedes.de\/dokupedes-dokumentshop\/produkt\/update-2025-behandlungsvertrag-aufklaerungsprotokoll-3to-combiped-podostripe-podofix-nagelkorrekturbehandlung\/"]}]},{"@type":"ImageObject","inLanguage":"de","@id":"https:\/\/dokupedes.de\/dokupedes-dokumentshop\/produkt\/update-2025-behandlungsvertrag-aufklaerungsprotokoll-3to-combiped-podostripe-podofix-nagelkorrekturbehandlung\/#primaryimage","url":"https:\/\/dokupedes.de\/dokupedes-dokumentshop\/wp-content\/uploads\/sites\/2\/2022\/09\/Digitales-Produkt1.jpg","contentUrl":"https:\/\/dokupedes.de\/dokupedes-dokumentshop\/wp-content\/uploads\/sites\/2\/2022\/09\/Digitales-Produkt1.jpg","width":1440,"height":810,"caption":"Digitales Produkt"},{"@type":"BreadcrumbList","@id":"https:\/\/dokupedes.de\/dokupedes-dokumentshop\/produkt\/update-2025-behandlungsvertrag-aufklaerungsprotokoll-3to-combiped-podostripe-podofix-nagelkorrekturbehandlung\/#breadcrumb","itemListElement":[{"@type":"ListItem","position":1,"name":"Startseite","item":"https:\/\/dokupedes.de\/dokupedes-dokumentshop\/"},{"@type":"ListItem","position":2,"name":"Shop","item":"https:\/\/dokupedes.de\/dokupedes-dokumentshop\/"},{"@type":"ListItem","position":3,"name":"Update 2025: Behandlungsvertrag &amp; Aufkl\u00e4rungsprotokoll 3TO &#8211; COMBIped &#8211; PODOSTRIPE &#8211; podofix &#8211; Nagelkorrekturbehandlung"}]},{"@type":"WebSite","@id":"https:\/\/dokupedes.de\/dokupedes-dokumentshop\/#website","url":"https:\/\/dokupedes.de\/dokupedes-dokumentshop\/","name":"DokuPEDES\u00ae | DOKUMENTSHOP","description":"Dokumentsystem f\u00fcr die Podologie","publisher":{"@id":"https:\/\/dokupedes.de\/dokupedes-dokumentshop\/#organization"},"potentialAction":[{"@type":"SearchAction","target":{"@type":"EntryPoint","urlTemplate":"https:\/\/dokupedes.de\/dokupedes-dokumentshop\/?s={search_term_string}"},"query-input":{"@type":"PropertyValueSpecification","valueRequired":true,"valueName":"search_term_string"}}],"inLanguage":"de"},{"@type":"Organization","@id":"https:\/\/dokupedes.de\/dokupedes-dokumentshop\/#organization","name":"DokuPEDES\u00ae | DOKUMENTSHOP","url":"https:\/\/dokupedes.de\/dokupedes-dokumentshop\/","logo":{"@type":"ImageObject","inLanguage":"de","@id":"https:\/\/dokupedes.de\/dokupedes-dokumentshop\/#\/schema\/logo\/image\/","url":"https:\/\/dokupedes.de\/dokupedes-dokumentshop\/wp-content\/uploads\/sites\/2\/2021\/07\/DokuPEDES-xs.jpg","contentUrl":"https:\/\/dokupedes.de\/dokupedes-dokumentshop\/wp-content\/uploads\/sites\/2\/2021\/07\/DokuPEDES-xs.jpg","width":480,"height":57,"caption":"DokuPEDES\u00ae | DOKUMENTSHOP"},"image":{"@id":"https:\/\/dokupedes.de\/dokupedes-dokumentshop\/#\/schema\/logo\/image\/"},"sameAs":["https:\/\/www.facebook.com\/dokupedes"]}]}},"_links":{"self":[{"href":"https:\/\/dokupedes.de\/dokupedes-dokumentshop\/wp-json\/wp\/v2\/product\/239513","targetHints":{"allow":["GET"]}}],"collection":[{"href":"https:\/\/dokupedes.de\/dokupedes-dokumentshop\/wp-json\/wp\/v2\/product"}],"about":[{"href":"https:\/\/dokupedes.de\/dokupedes-dokumentshop\/wp-json\/wp\/v2\/types\/product"}],"wp:featuredmedia":[{"embeddable":true,"href":"https:\/\/dokupedes.de\/dokupedes-dokumentshop\/wp-json\/wp\/v2\/media\/238262"}],"wp:attachment":[{"href":"https:\/\/dokupedes.de\/dokupedes-dokumentshop\/wp-json\/wp\/v2\/media?parent=239513"}],"wp:term":[{"taxonomy":"product_brand","embeddable":true,"href":"https:\/\/dokupedes.de\/dokupedes-dokumentshop\/wp-json\/wp\/v2\/product_brand?post=239513"},{"taxonomy":"product_cat","embeddable":true,"href":"https:\/\/dokupedes.de\/dokupedes-dokumentshop\/wp-json\/wp\/v2\/product_cat?post=239513"},{"taxonomy":"product_tag","embeddable":true,"href":"https:\/\/dokupedes.de\/dokupedes-dokumentshop\/wp-json\/wp\/v2\/product_tag?post=239513"}],"curies":[{"name":"wp","href":"https:\/\/api.w.org\/{rel}","templated":true}]}}