{"id":239455,"date":"2025-05-20T10:49:15","date_gmt":"2025-05-20T08:49:15","guid":{"rendered":"https:\/\/dokupedes.de\/dokupedes-dokumentshop\/?post_type=product&#038;p=239455"},"modified":"2025-10-06T13:08:50","modified_gmt":"2025-10-06T11:08:50","slug":"behandlungsvertrag-podologische-therapie-aufklaerung-und-gesundheitsfragen","status":"publish","type":"product","link":"https:\/\/dokupedes.de\/dokupedes-dokumentshop\/produkt\/behandlungsvertrag-podologische-therapie-aufklaerung-und-gesundheitsfragen\/","title":{"rendered":"Upgrade 2025: Behandlungsvertrag Podologische Therapie Aufkl\u00e4rung und Gesundheitsfragen"},"content":{"rendered":"<p><span style=\"color: #333333\"><strong>Nach Abschluss Ihrer Bestellung erhalten Sie eine E-Mail mit dem Download Link.<\/strong><\/span><br \/>\n<span style=\"color: #333333\"><strong>Klicken Sie <\/strong><\/span><strong style=\"color: #333333\">auf dem Ger\u00e4t\u00a0<\/strong><strong style=\"color: #333333\">auf den Download, wo Sie das Dokument speichern und benutzen m\u00f6chten. Das Dokument \u00f6ffnet sich.<\/strong><\/p>\n<p><span style=\"color: #333333\"><strong>Speichern Sie das Dokument nun am besten an mehreren Orten ab (PC Dateien, USB-Stick, NAS u.a.) So ist\u00a0 Ihr Dokument jederzeit auffind- und ausdruckbar.<\/strong><\/span><\/p>\n<p><b>Lizenz zum Download. Innerhalb von 21 Tagen ist der <\/b><b>Download bis <\/b><b>dreimal m\u00f6glich. Speichern Sie die Dokumente nach dem Download direkt sicher ab inkl. Sicherheitskopie.<\/b><\/p>\n<p><strong>Alle Produkte von DokuPEDES\u00ae unterliegen dem Urheberrecht. Mit dem Kauf digitaler Produkte erwerben Sie als K\u00e4ufer*in eine Lizenz zum Ausdrucken und Verwenden in Ihrer Praxis. Die Weitergabe der Digitalen und Print Produkte der Firma DokuPEDES\u00ae an andere Personen, sowie das Kopieren, Vervielf\u00e4ltigen oder verwenden von Inhalten sind verboten und werden gem\u00e4\u00df Urheberrechtegesetz \u00a7\u00a7\u00a7 106\u2013111a UrhG strafrechtlich verfolgt.<\/strong><\/p>\n","protected":false},"excerpt":{"rendered":"<h4 style=\"text-align: left\"><span style=\"color: #008080\"><strong>Upgrade 2025 \u2013 Download Dokument \u2013 Ausf\u00fcllbares PDF oder selbst ausdrucken<\/strong><\/span><\/h4>\n<p><span style=\"color: #008080\">\u2714<\/span> \u00dcberarbeitete Inhalte<\/p>\n<p><span style=\"color: #008080\">\u2714<\/span> Rechtssicher- anwaltlich gepr\u00fcft<\/p>\n<p><span style=\"color: #008080\">\u2714<\/span> Behandlungsvertrag<\/p>\n<p><span style=\"color: #008080\">\u2714<\/span> Aufkl\u00e4rungsprotokoll<\/p>\n<p><span style=\"color: #008080\">\u2714<\/span> Mitwirkung in der Behandlung &amp; Verhaltenshinweise<\/p>\n<p><span style=\"color: #008080\">\u2714<\/span> Informationen und Einwilligung zur Datenerhebung\u00a0 nach Art. 13 DSGVO<\/p>\n<p><span style=\"color: #008080\">\u2714<\/span> Einwilligung Abtretungserkl\u00e4rung Abrechnungszentrum<\/p>\n<p><span style=\"color: #008080\">\u2714<\/span> Gesundheitsfragen zur Anamnese (wie Patientenselbstauskunft)<\/p>\n<p><span style=\"color: #008080\">\u2714<\/span> Einwilligungserkl\u00e4rung<\/p>\n<p><strong><span style=\"color: #008080\"><span class=\"ng-scope\">\u2026alles in einem <\/span>Download Dokument als ausf\u00fcllbares PDF oder zum selbst ausdrucken.<\/span><\/strong><\/p>\n<p><strong><span style=\"color: #008080\">Der neu \u00fcberarbeitete Behandlungsvertrag f\u00fcr die Podologische Therapie beinhaltet alle relevanten Vertragsinhalte, inklusive des neuen Gesundheitsfrage &#8211; Bogens.<\/span><\/strong><\/p>\n<p><b>Lizenz zum Download. Innerhalb von 21 Tagen ist der Download bis dreimal m\u00f6glich. <\/b><\/p>\n<p><strong>Alle Produkte von DokuPEDES\u00ae unterliegen dem Urheberrecht. Mit dem Kauf digitaler Produkte erwerben Sie als K\u00e4ufer*in eine Lizenz zum Ausdrucken und Verwenden in Ihrer Praxis. Die Weitergabe der Digitalen und Print Produkte der Firma DokuPEDES\u00ae an andere Personen, sowie das Kopieren, Vervielf\u00e4ltigen oder verwenden von Inhalten sind verboten und werden gem\u00e4\u00df Urheberrechtegesetz \u00a7\u00a7\u00a7 106\u2013111a UrhG strafrechtlich verfolgt.<\/strong><\/p>\n","protected":false},"featured_media":238262,"template":"","meta":{"_et_pb_use_builder":"","_et_pb_old_content":"","_et_gb_content_width":""},"product_brand":[],"product_cat":[49,69],"product_tag":[88],"class_list":{"0":"post-239455","1":"product","2":"type-product","3":"status-publish","4":"has-post-thumbnail","6":"product_cat-behandlungsvertraege","7":"product_cat-digitale-dokumente","8":"product_tag-neu","10":"first","11":"instock","12":"downloadable","13":"virtual","14":"taxable","15":"purchasable","16":"product-type-simple"},"yoast_head":"<!-- This site is optimized with the Yoast SEO plugin v27.4 - https:\/\/yoast.com\/product\/yoast-seo-wordpress\/ -->\n<title>- DokuPEDES\u00ae | DOKUMENTSHOP<\/title>\n<meta name=\"description\" content=\"Behandlungsvertrag Podologische Therapie: Upgrade 2025 \u2013 Download Dokument \u2013 Ausf\u00fcllbares PDF oder selbst ausdrucken\u2714 \u00dcberarbeitete Inhalte\u2714 Rechtssicher- anwaltlich gepr\u00fcft\u2714 Behandlungsvertrag\u2714 Aufkl\u00e4rungsprotokoll\u2714 Mitwirkung in der Behandlung &amp; Verhaltenshinweise\u2714 Informationen und Einwilligung zur Datenerhebung nach Art. 13 DSGVO\u2714 Einwilligung Abtretungserkl\u00e4rung Abrechnungszentrum\u2714 Gesundheitsfragen zur Anamnese\u2714 Einwilligungserkl\u00e4rung\u2714 Download Dokument\u2714 Ausf\u00fcllbares PDF oder zum selbst ausdruckenDer neu \u00fcberarbeitete Behandlungsvertrag f\u00fcr die Podologische Therapie beinhaltet alle relevanten Vertragsinhalte, inklusive des neuen Gesundheitsfragen - Bogens.Lizenz zum Download. Innerhalb von 21 Tagen ist der Download bis dreimal m\u00f6glich.Alle Produkte von DokuPEDES\u00ae unterliegen dem Urheberrecht. Mit dem Kauf digitaler Produkte erwerben Sie als K\u00e4ufer*in eine Lizenz zum Ausdrucken und Verwenden in Ihrer Praxis. Die Weitergabe der Digitalen und Print Produkte der Firma DokuPEDES\u00ae an andere Personen, sowie das Kopieren, Vervielf\u00e4ltigen oder verwenden von Inhalten sind verboten und werden gem\u00e4\u00df Urheberrechtegesetz \u00a7\u00a7\u00a7 106\u2013111a UrhG strafrechtlich verfolgt.\" \/>\n<meta name=\"robots\" content=\"index, follow, max-snippet:-1, max-image-preview:large, max-video-preview:-1\" \/>\n<link rel=\"canonical\" href=\"https:\/\/dokupedes.de\/dokupedes-dokumentshop\/produkt\/behandlungsvertrag-podologische-therapie-aufklaerung-und-gesundheitsfragen\/\" \/>\n<meta property=\"og:locale\" content=\"de_DE\" \/>\n<meta property=\"og:type\" content=\"article\" \/>\n<meta property=\"og:title\" content=\"DokuPEDES _ Dokumentationssystem f\u00fcr die Podologie\" \/>\n<meta property=\"og:description\" content=\"Behandlungsvertrag Podologische Therapie: Upgrade 2025 \u2013 Download Dokument \u2013 Ausf\u00fcllbares PDF oder selbst ausdrucken\u2714 \u00dcberarbeitete Inhalte\u2714 Rechtssicher- anwaltlich gepr\u00fcft\u2714 Behandlungsvertrag\u2714 Aufkl\u00e4rungsprotokoll\u2714 Mitwirkung in der Behandlung &amp; Verhaltenshinweise\u2714 Informationen und Einwilligung zur Datenerhebung nach Art. 13 DSGVO\u2714 Einwilligung Abtretungserkl\u00e4rung Abrechnungszentrum\u2714 Gesundheitsfragen zur Anamnese\u2714 Einwilligungserkl\u00e4rung\u2714 Download Dokument\u2714 Ausf\u00fcllbares PDF oder zum selbst ausdruckenDer neu \u00fcberarbeitete Behandlungsvertrag f\u00fcr die Podologische Therapie beinhaltet alle relevanten Vertragsinhalte, inklusive des neuen Gesundheitsfragen - Bogens.Lizenz zum Download. Innerhalb von 21 Tagen ist der Download bis dreimal m\u00f6glich.Alle Produkte von DokuPEDES\u00ae unterliegen dem Urheberrecht. Mit dem Kauf digitaler Produkte erwerben Sie als K\u00e4ufer*in eine Lizenz zum Ausdrucken und Verwenden in Ihrer Praxis. Die Weitergabe der Digitalen und Print Produkte der Firma DokuPEDES\u00ae an andere Personen, sowie das Kopieren, Vervielf\u00e4ltigen oder verwenden von Inhalten sind verboten und werden gem\u00e4\u00df Urheberrechtegesetz \u00a7\u00a7\u00a7 106\u2013111a UrhG strafrechtlich verfolgt.\" \/>\n<meta property=\"og:url\" content=\"https:\/\/dokupedes.de\/dokupedes-dokumentshop\/produkt\/behandlungsvertrag-podologische-therapie-aufklaerung-und-gesundheitsfragen\/\" \/>\n<meta property=\"og:site_name\" content=\"DokuPEDES\u00ae | DOKUMENTSHOP\" \/>\n<meta property=\"article:publisher\" content=\"https:\/\/www.facebook.com\/dokupedes\" \/>\n<meta property=\"article:modified_time\" content=\"2025-10-06T11:08:50+00:00\" \/>\n<meta property=\"og:image\" content=\"https:\/\/dokupedes.de\/dokupedes-dokumentshop\/wp-content\/uploads\/sites\/2\/2016\/08\/Slider_0.jpg\" \/>\n\t<meta property=\"og:image:width\" content=\"1980\" \/>\n\t<meta property=\"og:image:height\" content=\"590\" \/>\n\t<meta property=\"og:image:type\" content=\"image\/jpeg\" \/>\n<meta name=\"twitter:card\" content=\"summary_large_image\" \/>\n<meta name=\"twitter:label1\" content=\"Gesch\u00e4tzte Lesezeit\" \/>\n\t<meta name=\"twitter:data1\" content=\"1\u00a0Minute\" \/>\n<script type=\"application\/ld+json\" class=\"yoast-schema-graph\">{\"@context\":\"https:\\\/\\\/schema.org\",\"@graph\":[{\"@type\":\"WebPage\",\"@id\":\"https:\\\/\\\/dokupedes.de\\\/dokupedes-dokumentshop\\\/produkt\\\/behandlungsvertrag-podologische-therapie-aufklaerung-und-gesundheitsfragen\\\/\",\"url\":\"https:\\\/\\\/dokupedes.de\\\/dokupedes-dokumentshop\\\/produkt\\\/behandlungsvertrag-podologische-therapie-aufklaerung-und-gesundheitsfragen\\\/\",\"name\":\"- DokuPEDES\u00ae | DOKUMENTSHOP\",\"isPartOf\":{\"@id\":\"https:\\\/\\\/dokupedes.de\\\/dokupedes-dokumentshop\\\/#website\"},\"primaryImageOfPage\":{\"@id\":\"https:\\\/\\\/dokupedes.de\\\/dokupedes-dokumentshop\\\/produkt\\\/behandlungsvertrag-podologische-therapie-aufklaerung-und-gesundheitsfragen\\\/#primaryimage\"},\"image\":{\"@id\":\"https:\\\/\\\/dokupedes.de\\\/dokupedes-dokumentshop\\\/produkt\\\/behandlungsvertrag-podologische-therapie-aufklaerung-und-gesundheitsfragen\\\/#primaryimage\"},\"thumbnailUrl\":\"https:\\\/\\\/dokupedes.de\\\/dokupedes-dokumentshop\\\/wp-content\\\/uploads\\\/sites\\\/2\\\/2022\\\/09\\\/Digitales-Produkt1.jpg\",\"datePublished\":\"2025-05-20T08:49:15+00:00\",\"dateModified\":\"2025-10-06T11:08:50+00:00\",\"description\":\"Behandlungsvertrag Podologische Therapie: Upgrade 2025 \u2013 Download Dokument \u2013 Ausf\u00fcllbares PDF oder selbst ausdrucken\u2714 \u00dcberarbeitete Inhalte\u2714 Rechtssicher- anwaltlich gepr\u00fcft\u2714 Behandlungsvertrag\u2714 Aufkl\u00e4rungsprotokoll\u2714 Mitwirkung in der Behandlung & Verhaltenshinweise\u2714 Informationen und Einwilligung zur Datenerhebung nach Art. 13 DSGVO\u2714 Einwilligung Abtretungserkl\u00e4rung Abrechnungszentrum\u2714 Gesundheitsfragen zur Anamnese\u2714 Einwilligungserkl\u00e4rung\u2714 Download Dokument\u2714 Ausf\u00fcllbares PDF oder zum selbst ausdruckenDer neu \u00fcberarbeitete Behandlungsvertrag f\u00fcr die Podologische Therapie beinhaltet alle relevanten Vertragsinhalte, inklusive des neuen Gesundheitsfragen - Bogens.Lizenz zum Download. Innerhalb von 21 Tagen ist der Download bis dreimal m\u00f6glich.Alle Produkte von DokuPEDES\u00ae unterliegen dem Urheberrecht. Mit dem Kauf digitaler Produkte erwerben Sie als K\u00e4ufer*in eine Lizenz zum Ausdrucken und Verwenden in Ihrer Praxis. Die Weitergabe der Digitalen und Print Produkte der Firma DokuPEDES\u00ae an andere Personen, sowie das Kopieren, Vervielf\u00e4ltigen oder verwenden von Inhalten sind verboten und werden gem\u00e4\u00df Urheberrechtegesetz \u00a7\u00a7\u00a7 106\u2013111a UrhG strafrechtlich verfolgt.\",\"breadcrumb\":{\"@id\":\"https:\\\/\\\/dokupedes.de\\\/dokupedes-dokumentshop\\\/produkt\\\/behandlungsvertrag-podologische-therapie-aufklaerung-und-gesundheitsfragen\\\/#breadcrumb\"},\"inLanguage\":\"de\",\"potentialAction\":[{\"@type\":\"ReadAction\",\"target\":[\"https:\\\/\\\/dokupedes.de\\\/dokupedes-dokumentshop\\\/produkt\\\/behandlungsvertrag-podologische-therapie-aufklaerung-und-gesundheitsfragen\\\/\"]}]},{\"@type\":\"ImageObject\",\"inLanguage\":\"de\",\"@id\":\"https:\\\/\\\/dokupedes.de\\\/dokupedes-dokumentshop\\\/produkt\\\/behandlungsvertrag-podologische-therapie-aufklaerung-und-gesundheitsfragen\\\/#primaryimage\",\"url\":\"https:\\\/\\\/dokupedes.de\\\/dokupedes-dokumentshop\\\/wp-content\\\/uploads\\\/sites\\\/2\\\/2022\\\/09\\\/Digitales-Produkt1.jpg\",\"contentUrl\":\"https:\\\/\\\/dokupedes.de\\\/dokupedes-dokumentshop\\\/wp-content\\\/uploads\\\/sites\\\/2\\\/2022\\\/09\\\/Digitales-Produkt1.jpg\",\"width\":1440,\"height\":810,\"caption\":\"Digitales Produkt\"},{\"@type\":\"BreadcrumbList\",\"@id\":\"https:\\\/\\\/dokupedes.de\\\/dokupedes-dokumentshop\\\/produkt\\\/behandlungsvertrag-podologische-therapie-aufklaerung-und-gesundheitsfragen\\\/#breadcrumb\",\"itemListElement\":[{\"@type\":\"ListItem\",\"position\":1,\"name\":\"Startseite\",\"item\":\"https:\\\/\\\/dokupedes.de\\\/dokupedes-dokumentshop\\\/\"},{\"@type\":\"ListItem\",\"position\":2,\"name\":\"Shop\",\"item\":\"https:\\\/\\\/dokupedes.de\\\/dokupedes-dokumentshop\\\/\"},{\"@type\":\"ListItem\",\"position\":3,\"name\":\"Upgrade 2025: Behandlungsvertrag Podologische Therapie Aufkl\u00e4rung und Gesundheitsfragen\"}]},{\"@type\":\"WebSite\",\"@id\":\"https:\\\/\\\/dokupedes.de\\\/dokupedes-dokumentshop\\\/#website\",\"url\":\"https:\\\/\\\/dokupedes.de\\\/dokupedes-dokumentshop\\\/\",\"name\":\"DokuPEDES\u00ae | DOKUMENTSHOP\",\"description\":\"Dokumentsystem f\u00fcr die Podologie\",\"publisher\":{\"@id\":\"https:\\\/\\\/dokupedes.de\\\/dokupedes-dokumentshop\\\/#organization\"},\"potentialAction\":[{\"@type\":\"SearchAction\",\"target\":{\"@type\":\"EntryPoint\",\"urlTemplate\":\"https:\\\/\\\/dokupedes.de\\\/dokupedes-dokumentshop\\\/?s={search_term_string}\"},\"query-input\":{\"@type\":\"PropertyValueSpecification\",\"valueRequired\":true,\"valueName\":\"search_term_string\"}}],\"inLanguage\":\"de\"},{\"@type\":\"Organization\",\"@id\":\"https:\\\/\\\/dokupedes.de\\\/dokupedes-dokumentshop\\\/#organization\",\"name\":\"DokuPEDES\u00ae | DOKUMENTSHOP\",\"url\":\"https:\\\/\\\/dokupedes.de\\\/dokupedes-dokumentshop\\\/\",\"logo\":{\"@type\":\"ImageObject\",\"inLanguage\":\"de\",\"@id\":\"https:\\\/\\\/dokupedes.de\\\/dokupedes-dokumentshop\\\/#\\\/schema\\\/logo\\\/image\\\/\",\"url\":\"https:\\\/\\\/dokupedes.de\\\/dokupedes-dokumentshop\\\/wp-content\\\/uploads\\\/sites\\\/2\\\/2021\\\/07\\\/DokuPEDES-xs.jpg\",\"contentUrl\":\"https:\\\/\\\/dokupedes.de\\\/dokupedes-dokumentshop\\\/wp-content\\\/uploads\\\/sites\\\/2\\\/2021\\\/07\\\/DokuPEDES-xs.jpg\",\"width\":480,\"height\":57,\"caption\":\"DokuPEDES\u00ae | DOKUMENTSHOP\"},\"image\":{\"@id\":\"https:\\\/\\\/dokupedes.de\\\/dokupedes-dokumentshop\\\/#\\\/schema\\\/logo\\\/image\\\/\"},\"sameAs\":[\"https:\\\/\\\/www.facebook.com\\\/dokupedes\"]}]}<\/script>\n<!-- \/ Yoast SEO plugin. -->","yoast_head_json":{"title":"- DokuPEDES\u00ae | DOKUMENTSHOP","description":"Behandlungsvertrag Podologische Therapie: Upgrade 2025 \u2013 Download Dokument \u2013 Ausf\u00fcllbares PDF oder selbst ausdrucken\u2714 \u00dcberarbeitete Inhalte\u2714 Rechtssicher- anwaltlich gepr\u00fcft\u2714 Behandlungsvertrag\u2714 Aufkl\u00e4rungsprotokoll\u2714 Mitwirkung in der Behandlung & Verhaltenshinweise\u2714 Informationen und Einwilligung zur Datenerhebung nach Art. 13 DSGVO\u2714 Einwilligung Abtretungserkl\u00e4rung Abrechnungszentrum\u2714 Gesundheitsfragen zur Anamnese\u2714 Einwilligungserkl\u00e4rung\u2714 Download Dokument\u2714 Ausf\u00fcllbares PDF oder zum selbst ausdruckenDer neu \u00fcberarbeitete Behandlungsvertrag f\u00fcr die Podologische Therapie beinhaltet alle relevanten Vertragsinhalte, inklusive des neuen Gesundheitsfragen - Bogens.Lizenz zum Download. Innerhalb von 21 Tagen ist der Download bis dreimal m\u00f6glich.Alle Produkte von DokuPEDES\u00ae unterliegen dem Urheberrecht. Mit dem Kauf digitaler Produkte erwerben Sie als K\u00e4ufer*in eine Lizenz zum Ausdrucken und Verwenden in Ihrer Praxis. Die Weitergabe der Digitalen und Print Produkte der Firma DokuPEDES\u00ae an andere Personen, sowie das Kopieren, Vervielf\u00e4ltigen oder verwenden von Inhalten sind verboten und werden gem\u00e4\u00df Urheberrechtegesetz \u00a7\u00a7\u00a7 106\u2013111a UrhG strafrechtlich verfolgt.","robots":{"index":"index","follow":"follow","max-snippet":"max-snippet:-1","max-image-preview":"max-image-preview:large","max-video-preview":"max-video-preview:-1"},"canonical":"https:\/\/dokupedes.de\/dokupedes-dokumentshop\/produkt\/behandlungsvertrag-podologische-therapie-aufklaerung-und-gesundheitsfragen\/","og_locale":"de_DE","og_type":"article","og_title":"DokuPEDES _ Dokumentationssystem f\u00fcr die Podologie","og_description":"Behandlungsvertrag Podologische Therapie: Upgrade 2025 \u2013 Download Dokument \u2013 Ausf\u00fcllbares PDF oder selbst ausdrucken\u2714 \u00dcberarbeitete Inhalte\u2714 Rechtssicher- anwaltlich gepr\u00fcft\u2714 Behandlungsvertrag\u2714 Aufkl\u00e4rungsprotokoll\u2714 Mitwirkung in der Behandlung & Verhaltenshinweise\u2714 Informationen und Einwilligung zur Datenerhebung nach Art. 13 DSGVO\u2714 Einwilligung Abtretungserkl\u00e4rung Abrechnungszentrum\u2714 Gesundheitsfragen zur Anamnese\u2714 Einwilligungserkl\u00e4rung\u2714 Download Dokument\u2714 Ausf\u00fcllbares PDF oder zum selbst ausdruckenDer neu \u00fcberarbeitete Behandlungsvertrag f\u00fcr die Podologische Therapie beinhaltet alle relevanten Vertragsinhalte, inklusive des neuen Gesundheitsfragen - Bogens.Lizenz zum Download. Innerhalb von 21 Tagen ist der Download bis dreimal m\u00f6glich.Alle Produkte von DokuPEDES\u00ae unterliegen dem Urheberrecht. Mit dem Kauf digitaler Produkte erwerben Sie als K\u00e4ufer*in eine Lizenz zum Ausdrucken und Verwenden in Ihrer Praxis. Die Weitergabe der Digitalen und Print Produkte der Firma DokuPEDES\u00ae an andere Personen, sowie das Kopieren, Vervielf\u00e4ltigen oder verwenden von Inhalten sind verboten und werden gem\u00e4\u00df Urheberrechtegesetz \u00a7\u00a7\u00a7 106\u2013111a UrhG strafrechtlich verfolgt.","og_url":"https:\/\/dokupedes.de\/dokupedes-dokumentshop\/produkt\/behandlungsvertrag-podologische-therapie-aufklaerung-und-gesundheitsfragen\/","og_site_name":"DokuPEDES\u00ae | DOKUMENTSHOP","article_publisher":"https:\/\/www.facebook.com\/dokupedes","article_modified_time":"2025-10-06T11:08:50+00:00","og_image":[{"width":1980,"height":590,"url":"https:\/\/dokupedes.de\/dokupedes-dokumentshop\/wp-content\/uploads\/sites\/2\/2016\/08\/Slider_0.jpg","type":"image\/jpeg"}],"twitter_card":"summary_large_image","twitter_misc":{"Gesch\u00e4tzte Lesezeit":"1\u00a0Minute"},"schema":{"@context":"https:\/\/schema.org","@graph":[{"@type":"WebPage","@id":"https:\/\/dokupedes.de\/dokupedes-dokumentshop\/produkt\/behandlungsvertrag-podologische-therapie-aufklaerung-und-gesundheitsfragen\/","url":"https:\/\/dokupedes.de\/dokupedes-dokumentshop\/produkt\/behandlungsvertrag-podologische-therapie-aufklaerung-und-gesundheitsfragen\/","name":"- DokuPEDES\u00ae | DOKUMENTSHOP","isPartOf":{"@id":"https:\/\/dokupedes.de\/dokupedes-dokumentshop\/#website"},"primaryImageOfPage":{"@id":"https:\/\/dokupedes.de\/dokupedes-dokumentshop\/produkt\/behandlungsvertrag-podologische-therapie-aufklaerung-und-gesundheitsfragen\/#primaryimage"},"image":{"@id":"https:\/\/dokupedes.de\/dokupedes-dokumentshop\/produkt\/behandlungsvertrag-podologische-therapie-aufklaerung-und-gesundheitsfragen\/#primaryimage"},"thumbnailUrl":"https:\/\/dokupedes.de\/dokupedes-dokumentshop\/wp-content\/uploads\/sites\/2\/2022\/09\/Digitales-Produkt1.jpg","datePublished":"2025-05-20T08:49:15+00:00","dateModified":"2025-10-06T11:08:50+00:00","description":"Behandlungsvertrag Podologische Therapie: Upgrade 2025 \u2013 Download Dokument \u2013 Ausf\u00fcllbares PDF oder selbst ausdrucken\u2714 \u00dcberarbeitete Inhalte\u2714 Rechtssicher- anwaltlich gepr\u00fcft\u2714 Behandlungsvertrag\u2714 Aufkl\u00e4rungsprotokoll\u2714 Mitwirkung in der Behandlung & Verhaltenshinweise\u2714 Informationen und Einwilligung zur Datenerhebung nach Art. 13 DSGVO\u2714 Einwilligung Abtretungserkl\u00e4rung Abrechnungszentrum\u2714 Gesundheitsfragen zur Anamnese\u2714 Einwilligungserkl\u00e4rung\u2714 Download Dokument\u2714 Ausf\u00fcllbares PDF oder zum selbst ausdruckenDer neu \u00fcberarbeitete Behandlungsvertrag f\u00fcr die Podologische Therapie beinhaltet alle relevanten Vertragsinhalte, inklusive des neuen Gesundheitsfragen - Bogens.Lizenz zum Download. Innerhalb von 21 Tagen ist der Download bis dreimal m\u00f6glich.Alle Produkte von DokuPEDES\u00ae unterliegen dem Urheberrecht. Mit dem Kauf digitaler Produkte erwerben Sie als K\u00e4ufer*in eine Lizenz zum Ausdrucken und Verwenden in Ihrer Praxis. Die Weitergabe der Digitalen und Print Produkte der Firma DokuPEDES\u00ae an andere Personen, sowie das Kopieren, Vervielf\u00e4ltigen oder verwenden von Inhalten sind verboten und werden gem\u00e4\u00df Urheberrechtegesetz \u00a7\u00a7\u00a7 106\u2013111a UrhG strafrechtlich verfolgt.","breadcrumb":{"@id":"https:\/\/dokupedes.de\/dokupedes-dokumentshop\/produkt\/behandlungsvertrag-podologische-therapie-aufklaerung-und-gesundheitsfragen\/#breadcrumb"},"inLanguage":"de","potentialAction":[{"@type":"ReadAction","target":["https:\/\/dokupedes.de\/dokupedes-dokumentshop\/produkt\/behandlungsvertrag-podologische-therapie-aufklaerung-und-gesundheitsfragen\/"]}]},{"@type":"ImageObject","inLanguage":"de","@id":"https:\/\/dokupedes.de\/dokupedes-dokumentshop\/produkt\/behandlungsvertrag-podologische-therapie-aufklaerung-und-gesundheitsfragen\/#primaryimage","url":"https:\/\/dokupedes.de\/dokupedes-dokumentshop\/wp-content\/uploads\/sites\/2\/2022\/09\/Digitales-Produkt1.jpg","contentUrl":"https:\/\/dokupedes.de\/dokupedes-dokumentshop\/wp-content\/uploads\/sites\/2\/2022\/09\/Digitales-Produkt1.jpg","width":1440,"height":810,"caption":"Digitales Produkt"},{"@type":"BreadcrumbList","@id":"https:\/\/dokupedes.de\/dokupedes-dokumentshop\/produkt\/behandlungsvertrag-podologische-therapie-aufklaerung-und-gesundheitsfragen\/#breadcrumb","itemListElement":[{"@type":"ListItem","position":1,"name":"Startseite","item":"https:\/\/dokupedes.de\/dokupedes-dokumentshop\/"},{"@type":"ListItem","position":2,"name":"Shop","item":"https:\/\/dokupedes.de\/dokupedes-dokumentshop\/"},{"@type":"ListItem","position":3,"name":"Upgrade 2025: Behandlungsvertrag Podologische Therapie Aufkl\u00e4rung und Gesundheitsfragen"}]},{"@type":"WebSite","@id":"https:\/\/dokupedes.de\/dokupedes-dokumentshop\/#website","url":"https:\/\/dokupedes.de\/dokupedes-dokumentshop\/","name":"DokuPEDES\u00ae | DOKUMENTSHOP","description":"Dokumentsystem f\u00fcr die Podologie","publisher":{"@id":"https:\/\/dokupedes.de\/dokupedes-dokumentshop\/#organization"},"potentialAction":[{"@type":"SearchAction","target":{"@type":"EntryPoint","urlTemplate":"https:\/\/dokupedes.de\/dokupedes-dokumentshop\/?s={search_term_string}"},"query-input":{"@type":"PropertyValueSpecification","valueRequired":true,"valueName":"search_term_string"}}],"inLanguage":"de"},{"@type":"Organization","@id":"https:\/\/dokupedes.de\/dokupedes-dokumentshop\/#organization","name":"DokuPEDES\u00ae | DOKUMENTSHOP","url":"https:\/\/dokupedes.de\/dokupedes-dokumentshop\/","logo":{"@type":"ImageObject","inLanguage":"de","@id":"https:\/\/dokupedes.de\/dokupedes-dokumentshop\/#\/schema\/logo\/image\/","url":"https:\/\/dokupedes.de\/dokupedes-dokumentshop\/wp-content\/uploads\/sites\/2\/2021\/07\/DokuPEDES-xs.jpg","contentUrl":"https:\/\/dokupedes.de\/dokupedes-dokumentshop\/wp-content\/uploads\/sites\/2\/2021\/07\/DokuPEDES-xs.jpg","width":480,"height":57,"caption":"DokuPEDES\u00ae | DOKUMENTSHOP"},"image":{"@id":"https:\/\/dokupedes.de\/dokupedes-dokumentshop\/#\/schema\/logo\/image\/"},"sameAs":["https:\/\/www.facebook.com\/dokupedes"]}]}},"_links":{"self":[{"href":"https:\/\/dokupedes.de\/dokupedes-dokumentshop\/wp-json\/wp\/v2\/product\/239455","targetHints":{"allow":["GET"]}}],"collection":[{"href":"https:\/\/dokupedes.de\/dokupedes-dokumentshop\/wp-json\/wp\/v2\/product"}],"about":[{"href":"https:\/\/dokupedes.de\/dokupedes-dokumentshop\/wp-json\/wp\/v2\/types\/product"}],"wp:featuredmedia":[{"embeddable":true,"href":"https:\/\/dokupedes.de\/dokupedes-dokumentshop\/wp-json\/wp\/v2\/media\/238262"}],"wp:attachment":[{"href":"https:\/\/dokupedes.de\/dokupedes-dokumentshop\/wp-json\/wp\/v2\/media?parent=239455"}],"wp:term":[{"taxonomy":"product_brand","embeddable":true,"href":"https:\/\/dokupedes.de\/dokupedes-dokumentshop\/wp-json\/wp\/v2\/product_brand?post=239455"},{"taxonomy":"product_cat","embeddable":true,"href":"https:\/\/dokupedes.de\/dokupedes-dokumentshop\/wp-json\/wp\/v2\/product_cat?post=239455"},{"taxonomy":"product_tag","embeddable":true,"href":"https:\/\/dokupedes.de\/dokupedes-dokumentshop\/wp-json\/wp\/v2\/product_tag?post=239455"}],"curies":[{"name":"wp","href":"https:\/\/api.w.org\/{rel}","templated":true}]}}