{"id":239306,"date":"2024-11-07T18:03:53","date_gmt":"2024-11-07T17:03:53","guid":{"rendered":"https:\/\/dokupedes.de\/dokupedes-dokumentshop\/?post_type=product&#038;p=239306"},"modified":"2025-11-24T09:39:14","modified_gmt":"2025-11-24T08:39:14","slug":"nagelkorrekturbehandlung-l-leistungsnachweis-l-befund-l-behandlung-und-produktangaben-gemaess-%c2%a7-9-mpdg-sgv-5-%c2%a7125-ausfuellbares-pdf","status":"publish","type":"product","link":"https:\/\/dokupedes.de\/dokupedes-dokumentshop\/produkt\/nagelkorrekturbehandlung-l-leistungsnachweis-l-befund-l-behandlung-und-produktangaben-gemaess-%c2%a7-9-mpdg-sgv-5-%c2%a7125-ausfuellbares-pdf\/","title":{"rendered":"Nagelkorrekturbehandlung l Leistungsnachweis l Befund l Behandlung und Produktangaben gem\u00e4\u00df  \u00a7 9 MPDG &amp; SGV 5 \u00a7125 ausf\u00fcllbares PDF"},"content":{"rendered":"<p><span style=\"color: #333333\"><strong>Nach Abschluss Ihrer Bestellung erhalten Sie eine E-Mail mit dem Download Link.<\/strong><\/span><br \/>\n<span style=\"color: #333333\"><strong>Klicken Sie\u00a0<\/strong><\/span><strong style=\"color: #333333\"> auf dem Ger\u00e4t\u00a0<\/strong><strong style=\"color: #333333\">auf den Download, wo Sie das Dokument speichern und benutzen m\u00f6chten. Das Dokument \u00f6ffnet sich.<\/strong><\/p>\n<p><span style=\"color: #333333\"><strong>Speichern Sie das Dokument nun am besten an mehreren Orten ab (PC Dateien, USB-Stick, NAS u.a.) Nun k\u00f6nnen Sie Ihr Dokument jederzeit finden und selbst ausdrucken.<\/strong><\/span><\/p>\n<p><b>1 Lizenz zum Download &#8211; 3 Seiten (Download Produkte bitte separat zu Lieferartikeln bestellen)<\/b><\/p>\n<p><strong>Alle Produkte von DokuPEDES\u00ae unterliegen dem Urheberrecht. Mit dem Kauf digitaler Produkte erwerben Sie als K\u00e4ufer*in eine Lizenz zum Ausdrucken und Verwenden in Ihrer Praxis. Die Weitergabe der Digitalen und Print Produkte der Firma DokuPEDES\u00ae an andere Personen, sowie das Kopieren, Vervielf\u00e4ltigen oder verwenden von Inhalten sind verboten und werden gem\u00e4\u00df Urheberrechtegesetz \u00a7\u00a7\u00a7 106\u2013111a UrhG strafrechtlich verfolgt.<\/strong><\/p>\n","protected":false},"excerpt":{"rendered":"<h5><strong>AUSF\u00dcLLBARES PDF<\/strong> <strong>mit angepassten Dokumentationsangaben gem\u00e4\u00df \u00a7 9 MPDG<\/strong><\/h5>\n<ul>\n<li>Behandlungsablauf der Nagelkorrekturbehandlung mit Befund und Stadien UI<\/li>\n<li>Behandlungsablauf \u00fcbersichtlich in Spalten je Behandlungstag nachvollziehbar: Instrumenten-Charge, Hautdesinfektion,<\/li>\n<li>detailliert durchgef\u00fchrte Ma\u00dfnahmen, Befunde, Beratung, Arztzuweisung,<\/li>\n<li><strong>Dokumentation der verwendeten Produkte und Materialien zur Nagelkorrekturbehandlung gem\u00e4\u00df \u00a7 9 MPDG<\/strong><\/li>\n<li>Kontrollen, Fotodokumentation, Wundbeschreibung und Versorgung,<\/li>\n<li>\u00dcbersicht der Heilmittelverordnung und Behandlungseinheiten, Zuzahlung od. Befreiung oder Selbstzahler,<\/li>\n<li>Beratung und Kontrolle, Therapeutenk\u00fcrzel.<\/li>\n<li>Seite 3: Arbeitshilfe mit UI Stadien, Schmerzskala, Wundbeschreibungen, Begriffserl\u00e4uterungen und Abk\u00fcrzungen<\/li>\n<\/ul>\n<p><b>1 Lizenz zum Download \u2013 3 Seiten &#8211; Vorder-und R\u00fcckseite + 1 Arbeitshilfe (Download Produkte bitte separat zu Lieferartikeln bestellen)<\/b><\/p>\n<p><strong>Alle Produkte von DokuPEDES\u00ae unterliegen dem Urheberrecht. Mit dem Kauf digitaler Produkte erwerben Sie als K\u00e4ufer*in eine Lizenz zum Ausdrucken und Verwenden in Ihrer Praxis. Die Weitergabe der Digitalen und Print Produkte der Firma DokuPEDES\u00ae an andere Personen, sowie das Kopieren, Vervielf\u00e4ltigen oder verwenden von Inhalten sind verboten und werden gem\u00e4\u00df Urheberrechtegesetz \u00a7\u00a7\u00a7 106\u2013111a UrhG strafrechtlich verfolgt.<\/strong><\/p>\n","protected":false},"featured_media":238262,"template":"","meta":{"_et_pb_use_builder":"","_et_pb_old_content":"","_et_gb_content_width":""},"product_brand":[],"product_cat":[40,69,50],"product_tag":[88],"class_list":{"0":"post-239306","1":"product","2":"type-product","3":"status-publish","4":"has-post-thumbnail","6":"product_cat-anamnese-bis-wunddokumentation-bis-zubehoer","7":"product_cat-digitale-dokumente","8":"product_cat-dokumentation-nagelspangenbehandlung","9":"product_tag-neu","11":"first","12":"instock","13":"downloadable","14":"virtual","15":"taxable","16":"purchasable","17":"product-type-simple"},"yoast_head":"<!-- This site is optimized with the Yoast SEO plugin v27.4 - https:\/\/yoast.com\/product\/yoast-seo-wordpress\/ -->\n<title>- DokuPEDES\u00ae | DOKUMENTSHOP<\/title>\n<meta name=\"description\" content=\"Nagelkorrekturbehandlung l Leistungsnachweis l Befund l Behandlung l Produktangaben: Behandlungsablauf der Nagelkorrekturbehandlung mit Befund und Stadien UIBehandlungsablauf \u00fcbersichtlich in Spalten je Behandlungstag nachvollziehbar: Instrumenten-Charge, Hautdesinfektion,detailliert durchgef\u00fchrte Ma\u00dfnahmen, Befunde, Beratung, Arztzuweisung,Dokumentation der verwendeten Produkte und Materialien zur Nagelkorrekturbehandlung gem\u00e4\u00df \u00a7 9 MPDGKontrollen, Fotodokumentation, Wundbeschreibung und Versorgung,\u00dcbersicht der Heilmittelverordnung und Behandlungseinheiten, Zuzahlung od. Befreiung oder Selbstzahler,Beratung und Kontrolle, Therapeutenk\u00fcrzel.Seite 3: Arbeitshilfe mit UI Stadien, Schmerzskala, Wundbeschreibungen, Begriffserl\u00e4uterungen und Abk\u00fcrzungen\" \/>\n<meta name=\"robots\" content=\"index, follow, max-snippet:-1, max-image-preview:large, max-video-preview:-1\" \/>\n<link rel=\"canonical\" href=\"https:\/\/dokupedes.de\/dokupedes-dokumentshop\/produkt\/nagelkorrekturbehandlung-l-leistungsnachweis-l-befund-l-behandlung-und-produktangaben-gemaess-\u00a7-9-mpdg-sgv-5-\u00a7125-ausfuellbares-pdf\/\" \/>\n<meta property=\"og:locale\" content=\"de_DE\" \/>\n<meta property=\"og:type\" content=\"article\" \/>\n<meta property=\"og:title\" content=\"- DokuPEDES\u00ae | DOKUMENTSHOP\" \/>\n<meta property=\"og:description\" content=\"Nagelkorrekturbehandlung l Leistungsnachweis l Befund l Behandlung l Produktangaben: Behandlungsablauf der Nagelkorrekturbehandlung mit Befund und Stadien UIBehandlungsablauf \u00fcbersichtlich in Spalten je Behandlungstag nachvollziehbar: Instrumenten-Charge, Hautdesinfektion,detailliert durchgef\u00fchrte Ma\u00dfnahmen, Befunde, Beratung, Arztzuweisung,Dokumentation der verwendeten Produkte und Materialien zur Nagelkorrekturbehandlung gem\u00e4\u00df \u00a7 9 MPDGKontrollen, Fotodokumentation, Wundbeschreibung und Versorgung,\u00dcbersicht der Heilmittelverordnung und Behandlungseinheiten, Zuzahlung od. Befreiung oder Selbstzahler,Beratung und Kontrolle, Therapeutenk\u00fcrzel.Seite 3: Arbeitshilfe mit UI Stadien, Schmerzskala, Wundbeschreibungen, Begriffserl\u00e4uterungen und Abk\u00fcrzungen\" \/>\n<meta property=\"og:url\" content=\"https:\/\/dokupedes.de\/dokupedes-dokumentshop\/produkt\/nagelkorrekturbehandlung-l-leistungsnachweis-l-befund-l-behandlung-und-produktangaben-gemaess-\u00a7-9-mpdg-sgv-5-\u00a7125-ausfuellbares-pdf\/\" \/>\n<meta property=\"og:site_name\" content=\"DokuPEDES\u00ae | DOKUMENTSHOP\" \/>\n<meta property=\"article:publisher\" content=\"https:\/\/www.facebook.com\/dokupedes\" \/>\n<meta property=\"article:modified_time\" content=\"2025-11-24T08:39:14+00:00\" \/>\n<meta property=\"og:image\" content=\"https:\/\/dokupedes.de\/dokupedes-dokumentshop\/wp-content\/uploads\/sites\/2\/2022\/09\/Digitales-Produkt1.jpg\" \/>\n\t<meta property=\"og:image:width\" content=\"1440\" \/>\n\t<meta property=\"og:image:height\" content=\"810\" \/>\n\t<meta property=\"og:image:type\" content=\"image\/jpeg\" \/>\n<meta name=\"twitter:card\" content=\"summary_large_image\" \/>\n<meta name=\"twitter:label1\" content=\"Gesch\u00e4tzte Lesezeit\" \/>\n\t<meta name=\"twitter:data1\" content=\"1\u00a0Minute\" \/>\n<script type=\"application\/ld+json\" class=\"yoast-schema-graph\">{\"@context\":\"https:\\\/\\\/schema.org\",\"@graph\":[{\"@type\":\"WebPage\",\"@id\":\"https:\\\/\\\/dokupedes.de\\\/dokupedes-dokumentshop\\\/produkt\\\/nagelkorrekturbehandlung-l-leistungsnachweis-l-befund-l-behandlung-und-produktangaben-gemaess-%c2%a7-9-mpdg-sgv-5-%c2%a7125-ausfuellbares-pdf\\\/\",\"url\":\"https:\\\/\\\/dokupedes.de\\\/dokupedes-dokumentshop\\\/produkt\\\/nagelkorrekturbehandlung-l-leistungsnachweis-l-befund-l-behandlung-und-produktangaben-gemaess-%c2%a7-9-mpdg-sgv-5-%c2%a7125-ausfuellbares-pdf\\\/\",\"name\":\"- DokuPEDES\u00ae | DOKUMENTSHOP\",\"isPartOf\":{\"@id\":\"https:\\\/\\\/dokupedes.de\\\/dokupedes-dokumentshop\\\/#website\"},\"primaryImageOfPage\":{\"@id\":\"https:\\\/\\\/dokupedes.de\\\/dokupedes-dokumentshop\\\/produkt\\\/nagelkorrekturbehandlung-l-leistungsnachweis-l-befund-l-behandlung-und-produktangaben-gemaess-%c2%a7-9-mpdg-sgv-5-%c2%a7125-ausfuellbares-pdf\\\/#primaryimage\"},\"image\":{\"@id\":\"https:\\\/\\\/dokupedes.de\\\/dokupedes-dokumentshop\\\/produkt\\\/nagelkorrekturbehandlung-l-leistungsnachweis-l-befund-l-behandlung-und-produktangaben-gemaess-%c2%a7-9-mpdg-sgv-5-%c2%a7125-ausfuellbares-pdf\\\/#primaryimage\"},\"thumbnailUrl\":\"https:\\\/\\\/dokupedes.de\\\/dokupedes-dokumentshop\\\/wp-content\\\/uploads\\\/sites\\\/2\\\/2022\\\/09\\\/Digitales-Produkt1.jpg\",\"datePublished\":\"2024-11-07T17:03:53+00:00\",\"dateModified\":\"2025-11-24T08:39:14+00:00\",\"description\":\"Nagelkorrekturbehandlung l Leistungsnachweis l Befund l Behandlung l Produktangaben: Behandlungsablauf der Nagelkorrekturbehandlung mit Befund und Stadien UIBehandlungsablauf \u00fcbersichtlich in Spalten je Behandlungstag nachvollziehbar: Instrumenten-Charge, Hautdesinfektion,detailliert durchgef\u00fchrte Ma\u00dfnahmen, Befunde, Beratung, Arztzuweisung,Dokumentation der verwendeten Produkte und Materialien zur Nagelkorrekturbehandlung gem\u00e4\u00df \u00a7 9 MPDGKontrollen, Fotodokumentation, Wundbeschreibung und Versorgung,\u00dcbersicht der Heilmittelverordnung und Behandlungseinheiten, Zuzahlung od. Befreiung oder Selbstzahler,Beratung und Kontrolle, Therapeutenk\u00fcrzel.Seite 3: Arbeitshilfe mit UI Stadien, Schmerzskala, Wundbeschreibungen, Begriffserl\u00e4uterungen und Abk\u00fcrzungen\",\"breadcrumb\":{\"@id\":\"https:\\\/\\\/dokupedes.de\\\/dokupedes-dokumentshop\\\/produkt\\\/nagelkorrekturbehandlung-l-leistungsnachweis-l-befund-l-behandlung-und-produktangaben-gemaess-%c2%a7-9-mpdg-sgv-5-%c2%a7125-ausfuellbares-pdf\\\/#breadcrumb\"},\"inLanguage\":\"de\",\"potentialAction\":[{\"@type\":\"ReadAction\",\"target\":[\"https:\\\/\\\/dokupedes.de\\\/dokupedes-dokumentshop\\\/produkt\\\/nagelkorrekturbehandlung-l-leistungsnachweis-l-befund-l-behandlung-und-produktangaben-gemaess-%c2%a7-9-mpdg-sgv-5-%c2%a7125-ausfuellbares-pdf\\\/\"]}]},{\"@type\":\"ImageObject\",\"inLanguage\":\"de\",\"@id\":\"https:\\\/\\\/dokupedes.de\\\/dokupedes-dokumentshop\\\/produkt\\\/nagelkorrekturbehandlung-l-leistungsnachweis-l-befund-l-behandlung-und-produktangaben-gemaess-%c2%a7-9-mpdg-sgv-5-%c2%a7125-ausfuellbares-pdf\\\/#primaryimage\",\"url\":\"https:\\\/\\\/dokupedes.de\\\/dokupedes-dokumentshop\\\/wp-content\\\/uploads\\\/sites\\\/2\\\/2022\\\/09\\\/Digitales-Produkt1.jpg\",\"contentUrl\":\"https:\\\/\\\/dokupedes.de\\\/dokupedes-dokumentshop\\\/wp-content\\\/uploads\\\/sites\\\/2\\\/2022\\\/09\\\/Digitales-Produkt1.jpg\",\"width\":1440,\"height\":810,\"caption\":\"Digitales Produkt\"},{\"@type\":\"BreadcrumbList\",\"@id\":\"https:\\\/\\\/dokupedes.de\\\/dokupedes-dokumentshop\\\/produkt\\\/nagelkorrekturbehandlung-l-leistungsnachweis-l-befund-l-behandlung-und-produktangaben-gemaess-%c2%a7-9-mpdg-sgv-5-%c2%a7125-ausfuellbares-pdf\\\/#breadcrumb\",\"itemListElement\":[{\"@type\":\"ListItem\",\"position\":1,\"name\":\"Startseite\",\"item\":\"https:\\\/\\\/dokupedes.de\\\/dokupedes-dokumentshop\\\/\"},{\"@type\":\"ListItem\",\"position\":2,\"name\":\"Shop\",\"item\":\"https:\\\/\\\/dokupedes.de\\\/dokupedes-dokumentshop\\\/\"},{\"@type\":\"ListItem\",\"position\":3,\"name\":\"Nagelkorrekturbehandlung l Leistungsnachweis l Befund l Behandlung und Produktangaben gem\u00e4\u00df \u00a7 9 MPDG &amp; SGV 5 \u00a7125 ausf\u00fcllbares PDF\"}]},{\"@type\":\"WebSite\",\"@id\":\"https:\\\/\\\/dokupedes.de\\\/dokupedes-dokumentshop\\\/#website\",\"url\":\"https:\\\/\\\/dokupedes.de\\\/dokupedes-dokumentshop\\\/\",\"name\":\"DokuPEDES\u00ae | DOKUMENTSHOP\",\"description\":\"Dokumentsystem f\u00fcr die Podologie\",\"publisher\":{\"@id\":\"https:\\\/\\\/dokupedes.de\\\/dokupedes-dokumentshop\\\/#organization\"},\"potentialAction\":[{\"@type\":\"SearchAction\",\"target\":{\"@type\":\"EntryPoint\",\"urlTemplate\":\"https:\\\/\\\/dokupedes.de\\\/dokupedes-dokumentshop\\\/?s={search_term_string}\"},\"query-input\":{\"@type\":\"PropertyValueSpecification\",\"valueRequired\":true,\"valueName\":\"search_term_string\"}}],\"inLanguage\":\"de\"},{\"@type\":\"Organization\",\"@id\":\"https:\\\/\\\/dokupedes.de\\\/dokupedes-dokumentshop\\\/#organization\",\"name\":\"DokuPEDES\u00ae | DOKUMENTSHOP\",\"url\":\"https:\\\/\\\/dokupedes.de\\\/dokupedes-dokumentshop\\\/\",\"logo\":{\"@type\":\"ImageObject\",\"inLanguage\":\"de\",\"@id\":\"https:\\\/\\\/dokupedes.de\\\/dokupedes-dokumentshop\\\/#\\\/schema\\\/logo\\\/image\\\/\",\"url\":\"https:\\\/\\\/dokupedes.de\\\/dokupedes-dokumentshop\\\/wp-content\\\/uploads\\\/sites\\\/2\\\/2021\\\/07\\\/DokuPEDES-xs.jpg\",\"contentUrl\":\"https:\\\/\\\/dokupedes.de\\\/dokupedes-dokumentshop\\\/wp-content\\\/uploads\\\/sites\\\/2\\\/2021\\\/07\\\/DokuPEDES-xs.jpg\",\"width\":480,\"height\":57,\"caption\":\"DokuPEDES\u00ae | DOKUMENTSHOP\"},\"image\":{\"@id\":\"https:\\\/\\\/dokupedes.de\\\/dokupedes-dokumentshop\\\/#\\\/schema\\\/logo\\\/image\\\/\"},\"sameAs\":[\"https:\\\/\\\/www.facebook.com\\\/dokupedes\"]}]}<\/script>\n<!-- \/ Yoast SEO plugin. -->","yoast_head_json":{"title":"- DokuPEDES\u00ae | DOKUMENTSHOP","description":"Nagelkorrekturbehandlung l Leistungsnachweis l Befund l Behandlung l Produktangaben: Behandlungsablauf der Nagelkorrekturbehandlung mit Befund und Stadien UIBehandlungsablauf \u00fcbersichtlich in Spalten je Behandlungstag nachvollziehbar: Instrumenten-Charge, Hautdesinfektion,detailliert durchgef\u00fchrte Ma\u00dfnahmen, Befunde, Beratung, Arztzuweisung,Dokumentation der verwendeten Produkte und Materialien zur Nagelkorrekturbehandlung gem\u00e4\u00df \u00a7 9 MPDGKontrollen, Fotodokumentation, Wundbeschreibung und Versorgung,\u00dcbersicht der Heilmittelverordnung und Behandlungseinheiten, Zuzahlung od. Befreiung oder Selbstzahler,Beratung und Kontrolle, Therapeutenk\u00fcrzel.Seite 3: Arbeitshilfe mit UI Stadien, Schmerzskala, Wundbeschreibungen, Begriffserl\u00e4uterungen und Abk\u00fcrzungen","robots":{"index":"index","follow":"follow","max-snippet":"max-snippet:-1","max-image-preview":"max-image-preview:large","max-video-preview":"max-video-preview:-1"},"canonical":"https:\/\/dokupedes.de\/dokupedes-dokumentshop\/produkt\/nagelkorrekturbehandlung-l-leistungsnachweis-l-befund-l-behandlung-und-produktangaben-gemaess-\u00a7-9-mpdg-sgv-5-\u00a7125-ausfuellbares-pdf\/","og_locale":"de_DE","og_type":"article","og_title":"- DokuPEDES\u00ae | DOKUMENTSHOP","og_description":"Nagelkorrekturbehandlung l Leistungsnachweis l Befund l Behandlung l Produktangaben: Behandlungsablauf der Nagelkorrekturbehandlung mit Befund und Stadien UIBehandlungsablauf \u00fcbersichtlich in Spalten je Behandlungstag nachvollziehbar: Instrumenten-Charge, Hautdesinfektion,detailliert durchgef\u00fchrte Ma\u00dfnahmen, Befunde, Beratung, Arztzuweisung,Dokumentation der verwendeten Produkte und Materialien zur Nagelkorrekturbehandlung gem\u00e4\u00df \u00a7 9 MPDGKontrollen, Fotodokumentation, Wundbeschreibung und Versorgung,\u00dcbersicht der Heilmittelverordnung und Behandlungseinheiten, Zuzahlung od. Befreiung oder Selbstzahler,Beratung und Kontrolle, Therapeutenk\u00fcrzel.Seite 3: Arbeitshilfe mit UI Stadien, Schmerzskala, Wundbeschreibungen, Begriffserl\u00e4uterungen und Abk\u00fcrzungen","og_url":"https:\/\/dokupedes.de\/dokupedes-dokumentshop\/produkt\/nagelkorrekturbehandlung-l-leistungsnachweis-l-befund-l-behandlung-und-produktangaben-gemaess-\u00a7-9-mpdg-sgv-5-\u00a7125-ausfuellbares-pdf\/","og_site_name":"DokuPEDES\u00ae | DOKUMENTSHOP","article_publisher":"https:\/\/www.facebook.com\/dokupedes","article_modified_time":"2025-11-24T08:39:14+00:00","og_image":[{"width":1440,"height":810,"url":"https:\/\/dokupedes.de\/dokupedes-dokumentshop\/wp-content\/uploads\/sites\/2\/2022\/09\/Digitales-Produkt1.jpg","type":"image\/jpeg"}],"twitter_card":"summary_large_image","twitter_misc":{"Gesch\u00e4tzte Lesezeit":"1\u00a0Minute"},"schema":{"@context":"https:\/\/schema.org","@graph":[{"@type":"WebPage","@id":"https:\/\/dokupedes.de\/dokupedes-dokumentshop\/produkt\/nagelkorrekturbehandlung-l-leistungsnachweis-l-befund-l-behandlung-und-produktangaben-gemaess-%c2%a7-9-mpdg-sgv-5-%c2%a7125-ausfuellbares-pdf\/","url":"https:\/\/dokupedes.de\/dokupedes-dokumentshop\/produkt\/nagelkorrekturbehandlung-l-leistungsnachweis-l-befund-l-behandlung-und-produktangaben-gemaess-%c2%a7-9-mpdg-sgv-5-%c2%a7125-ausfuellbares-pdf\/","name":"- DokuPEDES\u00ae | DOKUMENTSHOP","isPartOf":{"@id":"https:\/\/dokupedes.de\/dokupedes-dokumentshop\/#website"},"primaryImageOfPage":{"@id":"https:\/\/dokupedes.de\/dokupedes-dokumentshop\/produkt\/nagelkorrekturbehandlung-l-leistungsnachweis-l-befund-l-behandlung-und-produktangaben-gemaess-%c2%a7-9-mpdg-sgv-5-%c2%a7125-ausfuellbares-pdf\/#primaryimage"},"image":{"@id":"https:\/\/dokupedes.de\/dokupedes-dokumentshop\/produkt\/nagelkorrekturbehandlung-l-leistungsnachweis-l-befund-l-behandlung-und-produktangaben-gemaess-%c2%a7-9-mpdg-sgv-5-%c2%a7125-ausfuellbares-pdf\/#primaryimage"},"thumbnailUrl":"https:\/\/dokupedes.de\/dokupedes-dokumentshop\/wp-content\/uploads\/sites\/2\/2022\/09\/Digitales-Produkt1.jpg","datePublished":"2024-11-07T17:03:53+00:00","dateModified":"2025-11-24T08:39:14+00:00","description":"Nagelkorrekturbehandlung l Leistungsnachweis l Befund l Behandlung l Produktangaben: Behandlungsablauf der Nagelkorrekturbehandlung mit Befund und Stadien UIBehandlungsablauf \u00fcbersichtlich in Spalten je Behandlungstag nachvollziehbar: Instrumenten-Charge, Hautdesinfektion,detailliert durchgef\u00fchrte Ma\u00dfnahmen, Befunde, Beratung, Arztzuweisung,Dokumentation der verwendeten Produkte und Materialien zur Nagelkorrekturbehandlung gem\u00e4\u00df \u00a7 9 MPDGKontrollen, Fotodokumentation, Wundbeschreibung und Versorgung,\u00dcbersicht der Heilmittelverordnung und Behandlungseinheiten, Zuzahlung od. Befreiung oder Selbstzahler,Beratung und Kontrolle, Therapeutenk\u00fcrzel.Seite 3: Arbeitshilfe mit UI Stadien, Schmerzskala, Wundbeschreibungen, Begriffserl\u00e4uterungen und Abk\u00fcrzungen","breadcrumb":{"@id":"https:\/\/dokupedes.de\/dokupedes-dokumentshop\/produkt\/nagelkorrekturbehandlung-l-leistungsnachweis-l-befund-l-behandlung-und-produktangaben-gemaess-%c2%a7-9-mpdg-sgv-5-%c2%a7125-ausfuellbares-pdf\/#breadcrumb"},"inLanguage":"de","potentialAction":[{"@type":"ReadAction","target":["https:\/\/dokupedes.de\/dokupedes-dokumentshop\/produkt\/nagelkorrekturbehandlung-l-leistungsnachweis-l-befund-l-behandlung-und-produktangaben-gemaess-%c2%a7-9-mpdg-sgv-5-%c2%a7125-ausfuellbares-pdf\/"]}]},{"@type":"ImageObject","inLanguage":"de","@id":"https:\/\/dokupedes.de\/dokupedes-dokumentshop\/produkt\/nagelkorrekturbehandlung-l-leistungsnachweis-l-befund-l-behandlung-und-produktangaben-gemaess-%c2%a7-9-mpdg-sgv-5-%c2%a7125-ausfuellbares-pdf\/#primaryimage","url":"https:\/\/dokupedes.de\/dokupedes-dokumentshop\/wp-content\/uploads\/sites\/2\/2022\/09\/Digitales-Produkt1.jpg","contentUrl":"https:\/\/dokupedes.de\/dokupedes-dokumentshop\/wp-content\/uploads\/sites\/2\/2022\/09\/Digitales-Produkt1.jpg","width":1440,"height":810,"caption":"Digitales Produkt"},{"@type":"BreadcrumbList","@id":"https:\/\/dokupedes.de\/dokupedes-dokumentshop\/produkt\/nagelkorrekturbehandlung-l-leistungsnachweis-l-befund-l-behandlung-und-produktangaben-gemaess-%c2%a7-9-mpdg-sgv-5-%c2%a7125-ausfuellbares-pdf\/#breadcrumb","itemListElement":[{"@type":"ListItem","position":1,"name":"Startseite","item":"https:\/\/dokupedes.de\/dokupedes-dokumentshop\/"},{"@type":"ListItem","position":2,"name":"Shop","item":"https:\/\/dokupedes.de\/dokupedes-dokumentshop\/"},{"@type":"ListItem","position":3,"name":"Nagelkorrekturbehandlung l Leistungsnachweis l Befund l Behandlung und Produktangaben gem\u00e4\u00df \u00a7 9 MPDG &amp; SGV 5 \u00a7125 ausf\u00fcllbares PDF"}]},{"@type":"WebSite","@id":"https:\/\/dokupedes.de\/dokupedes-dokumentshop\/#website","url":"https:\/\/dokupedes.de\/dokupedes-dokumentshop\/","name":"DokuPEDES\u00ae | DOKUMENTSHOP","description":"Dokumentsystem f\u00fcr die Podologie","publisher":{"@id":"https:\/\/dokupedes.de\/dokupedes-dokumentshop\/#organization"},"potentialAction":[{"@type":"SearchAction","target":{"@type":"EntryPoint","urlTemplate":"https:\/\/dokupedes.de\/dokupedes-dokumentshop\/?s={search_term_string}"},"query-input":{"@type":"PropertyValueSpecification","valueRequired":true,"valueName":"search_term_string"}}],"inLanguage":"de"},{"@type":"Organization","@id":"https:\/\/dokupedes.de\/dokupedes-dokumentshop\/#organization","name":"DokuPEDES\u00ae | DOKUMENTSHOP","url":"https:\/\/dokupedes.de\/dokupedes-dokumentshop\/","logo":{"@type":"ImageObject","inLanguage":"de","@id":"https:\/\/dokupedes.de\/dokupedes-dokumentshop\/#\/schema\/logo\/image\/","url":"https:\/\/dokupedes.de\/dokupedes-dokumentshop\/wp-content\/uploads\/sites\/2\/2021\/07\/DokuPEDES-xs.jpg","contentUrl":"https:\/\/dokupedes.de\/dokupedes-dokumentshop\/wp-content\/uploads\/sites\/2\/2021\/07\/DokuPEDES-xs.jpg","width":480,"height":57,"caption":"DokuPEDES\u00ae | DOKUMENTSHOP"},"image":{"@id":"https:\/\/dokupedes.de\/dokupedes-dokumentshop\/#\/schema\/logo\/image\/"},"sameAs":["https:\/\/www.facebook.com\/dokupedes"]}]}},"_links":{"self":[{"href":"https:\/\/dokupedes.de\/dokupedes-dokumentshop\/wp-json\/wp\/v2\/product\/239306","targetHints":{"allow":["GET"]}}],"collection":[{"href":"https:\/\/dokupedes.de\/dokupedes-dokumentshop\/wp-json\/wp\/v2\/product"}],"about":[{"href":"https:\/\/dokupedes.de\/dokupedes-dokumentshop\/wp-json\/wp\/v2\/types\/product"}],"wp:featuredmedia":[{"embeddable":true,"href":"https:\/\/dokupedes.de\/dokupedes-dokumentshop\/wp-json\/wp\/v2\/media\/238262"}],"wp:attachment":[{"href":"https:\/\/dokupedes.de\/dokupedes-dokumentshop\/wp-json\/wp\/v2\/media?parent=239306"}],"wp:term":[{"taxonomy":"product_brand","embeddable":true,"href":"https:\/\/dokupedes.de\/dokupedes-dokumentshop\/wp-json\/wp\/v2\/product_brand?post=239306"},{"taxonomy":"product_cat","embeddable":true,"href":"https:\/\/dokupedes.de\/dokupedes-dokumentshop\/wp-json\/wp\/v2\/product_cat?post=239306"},{"taxonomy":"product_tag","embeddable":true,"href":"https:\/\/dokupedes.de\/dokupedes-dokumentshop\/wp-json\/wp\/v2\/product_tag?post=239306"}],"curies":[{"name":"wp","href":"https:\/\/api.w.org\/{rel}","templated":true}]}}