{"id":239003,"date":"2024-01-21T11:54:37","date_gmt":"2024-01-21T10:54:37","guid":{"rendered":"https:\/\/dokupedes.de\/dokupedes-dokumentshop\/?post_type=product&#038;p=239003"},"modified":"2026-03-06T10:02:39","modified_gmt":"2026-03-06T09:02:39","slug":"karteikarte-podo-therapiekarte-a5-klappkarte-version-2024-aktualisierte-innenseite","status":"publish","type":"product","link":"https:\/\/dokupedes.de\/dokupedes-dokumentshop\/produkt\/karteikarte-podo-therapiekarte-a5-klappkarte-version-2024-aktualisierte-innenseite\/","title":{"rendered":"KARTEIKARTE | PODO- THERAPIEKARTE A5 Klappkarte &#8211; Version 2024"},"content":{"rendered":"<p>Zur Zeit leider nicht vorr\u00e4tig<\/p>\n","protected":false},"excerpt":{"rendered":"<h4><b>Therapiesicherheit mi<\/b>t <strong>der<\/strong> <b>Podo-Therapiekarte- <\/b>Version 2024 &#8211; aktualisierte Innenseite<b><br \/>\n<\/b><\/h4>\n<ul>\n<li>professionelle, inhaltlich &amp; fachlich aussagef\u00e4hige Informationssammlung<\/li>\n<li>\u00dcbersichtliche Patienten- und Kontaktdaten<\/li>\n<li>mit Anamnese und Befunderhebung aller Behandlungsrelevanten Befunde f\u00fcr eine schnelle Risikoeinstufung<\/li>\n<li>Die Podo &#8211; Therapiekarte begleitet den Patienten w\u00e4hrend der gesamten Behandlungszeit \u00fcber Jahre hinweg, zur Weiterf\u00fchrung nur Einleger n\u00f6tig<\/li>\n<li>Therapiesicherheit im Hausbesuch, bei Strom-, PC &#8211; oder Internetausfall immer gew\u00e4hrleistet.<\/li>\n<\/ul>\n<p><b>Aktualisierte Innenseite: Behandlungsablauf Podologische Therapie l <\/b><b>Leistungsnachweis <\/b>\u00a0<b>Behandlung &amp; Befund auf Version 2022-02 : <\/b><\/p>\n<ul>\n<li>Behandlungsablauf mit Befunden der podologischen Therapie \u00fcbersichtlich in Spalten je Behandlungstag und Instrumentencharge nachvollziehbar. ,<\/li>\n<li>\u00a0detailliert durchgef\u00fchrte Behandlungsma\u00dfnahmen, behandelte Befunde, Beratung, Hautpflege, Produktverkauf<\/li>\n<li>\u00dcbersicht aller Verordnungen: HMVO oder Privatrezept, Ausstellungsdatum, ausstellender Arzt, Behandlungsmenge und Frequenz, Zuzahlung\/Befreiung<\/li>\n<li>Aktueller Fu\u00dfstatus zur Risikoeinstufung, Behandlungsziel, Beratung,<\/li>\n<li>Fotodokumentationsnachweis,<\/li>\n<li>Behandlungen sind auch nach Jahren schnell auffindbar &amp; detalliert nachvollziehbar<\/li>\n<\/ul>\n<p><b>F\u00fcr die Weiterf\u00fchrung nutzen Sie den\u00a0 Einleger: Behandlungsablauf Podologische Therapie l Leistungsnachweis Behandlung &amp; Befund\u00a0 <\/b><\/p>\n<p>&nbsp;<\/p>\n","protected":false},"featured_media":2665,"template":"","meta":{"_et_pb_use_builder":"","_et_pb_old_content":"","_et_gb_content_width":""},"product_brand":[],"product_cat":[44,41,46],"product_tag":[92],"class_list":{"0":"post-239003","1":"product","2":"type-product","3":"status-publish","4":"has-post-thumbnail","6":"product_cat-bundles","7":"product_cat-karteikarte-podologie","8":"product_cat-patientenselbstauskunft","9":"product_tag-angebot","11":"first","12":"outofstock","13":"featured","14":"taxable","15":"shipping-taxable","16":"purchasable","17":"product-type-simple"},"yoast_head":"<!-- This site is optimized with the Yoast SEO plugin v27.4 - https:\/\/yoast.com\/product\/yoast-seo-wordpress\/ -->\n<title>Podo-Therapiekarte - DokuPEDES\u00ae | DOKUMENTSHOP<\/title>\n<meta name=\"description\" content=\"Therapiesicherheit: Mit der Podo-Therapiekarte dokumentieren Sie professionell inhaltlich &amp; fachlich aussagef\u00e4hig.\" \/>\n<meta name=\"robots\" content=\"index, follow, max-snippet:-1, max-image-preview:large, max-video-preview:-1\" \/>\n<link rel=\"canonical\" href=\"https:\/\/dokupedes.de\/dokupedes-dokumentshop\/produkt\/karteikarte-podo-therapiekarte-a5-klappkarte-version-2024-aktualisierte-innenseite\/\" \/>\n<meta property=\"og:locale\" content=\"de_DE\" \/>\n<meta property=\"og:type\" content=\"article\" \/>\n<meta property=\"og:title\" content=\"Podo-Therapiekarte - DokuPEDES\u00ae | DOKUMENTSHOP\" \/>\n<meta property=\"og:description\" content=\"Therapiesicherheit: Mit der Podo-Therapiekarte dokumentieren Sie professionell inhaltlich &amp; fachlich aussagef\u00e4hig.\" \/>\n<meta property=\"og:url\" content=\"https:\/\/dokupedes.de\/dokupedes-dokumentshop\/produkt\/karteikarte-podo-therapiekarte-a5-klappkarte-version-2024-aktualisierte-innenseite\/\" \/>\n<meta property=\"og:site_name\" content=\"DokuPEDES\u00ae | DOKUMENTSHOP\" \/>\n<meta property=\"article:publisher\" content=\"https:\/\/www.facebook.com\/dokupedes\" \/>\n<meta property=\"article:modified_time\" content=\"2026-03-06T09:02:39+00:00\" \/>\n<meta property=\"og:image\" content=\"https:\/\/dokupedes.de\/dokupedes-dokumentshop\/wp-content\/uploads\/sites\/2\/2016\/08\/2011-01-V-Karteikarte-1.1-muster.jpg\" \/>\n\t<meta property=\"og:image:width\" content=\"880\" \/>\n\t<meta property=\"og:image:height\" content=\"1244\" \/>\n\t<meta property=\"og:image:type\" content=\"image\/jpeg\" \/>\n<meta name=\"twitter:card\" content=\"summary_large_image\" \/>\n<meta name=\"twitter:label1\" content=\"Gesch\u00e4tzte Lesezeit\" \/>\n\t<meta name=\"twitter:data1\" content=\"1\u00a0Minute\" \/>\n<script type=\"application\/ld+json\" class=\"yoast-schema-graph\">{\"@context\":\"https:\\\/\\\/schema.org\",\"@graph\":[{\"@type\":\"WebPage\",\"@id\":\"https:\\\/\\\/dokupedes.de\\\/dokupedes-dokumentshop\\\/produkt\\\/karteikarte-podo-therapiekarte-a5-klappkarte-version-2024-aktualisierte-innenseite\\\/\",\"url\":\"https:\\\/\\\/dokupedes.de\\\/dokupedes-dokumentshop\\\/produkt\\\/karteikarte-podo-therapiekarte-a5-klappkarte-version-2024-aktualisierte-innenseite\\\/\",\"name\":\"Podo-Therapiekarte - DokuPEDES\u00ae | DOKUMENTSHOP\",\"isPartOf\":{\"@id\":\"https:\\\/\\\/dokupedes.de\\\/dokupedes-dokumentshop\\\/#website\"},\"primaryImageOfPage\":{\"@id\":\"https:\\\/\\\/dokupedes.de\\\/dokupedes-dokumentshop\\\/produkt\\\/karteikarte-podo-therapiekarte-a5-klappkarte-version-2024-aktualisierte-innenseite\\\/#primaryimage\"},\"image\":{\"@id\":\"https:\\\/\\\/dokupedes.de\\\/dokupedes-dokumentshop\\\/produkt\\\/karteikarte-podo-therapiekarte-a5-klappkarte-version-2024-aktualisierte-innenseite\\\/#primaryimage\"},\"thumbnailUrl\":\"https:\\\/\\\/dokupedes.de\\\/dokupedes-dokumentshop\\\/wp-content\\\/uploads\\\/sites\\\/2\\\/2016\\\/08\\\/2011-01-V-Karteikarte-1.1-muster.jpg\",\"datePublished\":\"2024-01-21T10:54:37+00:00\",\"dateModified\":\"2026-03-06T09:02:39+00:00\",\"description\":\"Therapiesicherheit: Mit der Podo-Therapiekarte dokumentieren Sie professionell inhaltlich & fachlich aussagef\u00e4hig.\",\"breadcrumb\":{\"@id\":\"https:\\\/\\\/dokupedes.de\\\/dokupedes-dokumentshop\\\/produkt\\\/karteikarte-podo-therapiekarte-a5-klappkarte-version-2024-aktualisierte-innenseite\\\/#breadcrumb\"},\"inLanguage\":\"de\",\"potentialAction\":[{\"@type\":\"ReadAction\",\"target\":[\"https:\\\/\\\/dokupedes.de\\\/dokupedes-dokumentshop\\\/produkt\\\/karteikarte-podo-therapiekarte-a5-klappkarte-version-2024-aktualisierte-innenseite\\\/\"]}]},{\"@type\":\"ImageObject\",\"inLanguage\":\"de\",\"@id\":\"https:\\\/\\\/dokupedes.de\\\/dokupedes-dokumentshop\\\/produkt\\\/karteikarte-podo-therapiekarte-a5-klappkarte-version-2024-aktualisierte-innenseite\\\/#primaryimage\",\"url\":\"https:\\\/\\\/dokupedes.de\\\/dokupedes-dokumentshop\\\/wp-content\\\/uploads\\\/sites\\\/2\\\/2016\\\/08\\\/2011-01-V-Karteikarte-1.1-muster.jpg\",\"contentUrl\":\"https:\\\/\\\/dokupedes.de\\\/dokupedes-dokumentshop\\\/wp-content\\\/uploads\\\/sites\\\/2\\\/2016\\\/08\\\/2011-01-V-Karteikarte-1.1-muster.jpg\",\"width\":880,\"height\":1244},{\"@type\":\"BreadcrumbList\",\"@id\":\"https:\\\/\\\/dokupedes.de\\\/dokupedes-dokumentshop\\\/produkt\\\/karteikarte-podo-therapiekarte-a5-klappkarte-version-2024-aktualisierte-innenseite\\\/#breadcrumb\",\"itemListElement\":[{\"@type\":\"ListItem\",\"position\":1,\"name\":\"Startseite\",\"item\":\"https:\\\/\\\/dokupedes.de\\\/dokupedes-dokumentshop\\\/\"},{\"@type\":\"ListItem\",\"position\":2,\"name\":\"Shop\",\"item\":\"https:\\\/\\\/dokupedes.de\\\/dokupedes-dokumentshop\\\/\"},{\"@type\":\"ListItem\",\"position\":3,\"name\":\"KARTEIKARTE | PODO- THERAPIEKARTE A5 Klappkarte &#8211; Version 2024\"}]},{\"@type\":\"WebSite\",\"@id\":\"https:\\\/\\\/dokupedes.de\\\/dokupedes-dokumentshop\\\/#website\",\"url\":\"https:\\\/\\\/dokupedes.de\\\/dokupedes-dokumentshop\\\/\",\"name\":\"DokuPEDES\u00ae | DOKUMENTSHOP\",\"description\":\"Dokumentsystem f\u00fcr die Podologie\",\"publisher\":{\"@id\":\"https:\\\/\\\/dokupedes.de\\\/dokupedes-dokumentshop\\\/#organization\"},\"potentialAction\":[{\"@type\":\"SearchAction\",\"target\":{\"@type\":\"EntryPoint\",\"urlTemplate\":\"https:\\\/\\\/dokupedes.de\\\/dokupedes-dokumentshop\\\/?s={search_term_string}\"},\"query-input\":{\"@type\":\"PropertyValueSpecification\",\"valueRequired\":true,\"valueName\":\"search_term_string\"}}],\"inLanguage\":\"de\"},{\"@type\":\"Organization\",\"@id\":\"https:\\\/\\\/dokupedes.de\\\/dokupedes-dokumentshop\\\/#organization\",\"name\":\"DokuPEDES\u00ae | DOKUMENTSHOP\",\"url\":\"https:\\\/\\\/dokupedes.de\\\/dokupedes-dokumentshop\\\/\",\"logo\":{\"@type\":\"ImageObject\",\"inLanguage\":\"de\",\"@id\":\"https:\\\/\\\/dokupedes.de\\\/dokupedes-dokumentshop\\\/#\\\/schema\\\/logo\\\/image\\\/\",\"url\":\"https:\\\/\\\/dokupedes.de\\\/dokupedes-dokumentshop\\\/wp-content\\\/uploads\\\/sites\\\/2\\\/2021\\\/07\\\/DokuPEDES-xs.jpg\",\"contentUrl\":\"https:\\\/\\\/dokupedes.de\\\/dokupedes-dokumentshop\\\/wp-content\\\/uploads\\\/sites\\\/2\\\/2021\\\/07\\\/DokuPEDES-xs.jpg\",\"width\":480,\"height\":57,\"caption\":\"DokuPEDES\u00ae | DOKUMENTSHOP\"},\"image\":{\"@id\":\"https:\\\/\\\/dokupedes.de\\\/dokupedes-dokumentshop\\\/#\\\/schema\\\/logo\\\/image\\\/\"},\"sameAs\":[\"https:\\\/\\\/www.facebook.com\\\/dokupedes\"]}]}<\/script>\n<!-- \/ Yoast SEO plugin. -->","yoast_head_json":{"title":"Podo-Therapiekarte - DokuPEDES\u00ae | DOKUMENTSHOP","description":"Therapiesicherheit: Mit der Podo-Therapiekarte dokumentieren Sie professionell inhaltlich & fachlich aussagef\u00e4hig.","robots":{"index":"index","follow":"follow","max-snippet":"max-snippet:-1","max-image-preview":"max-image-preview:large","max-video-preview":"max-video-preview:-1"},"canonical":"https:\/\/dokupedes.de\/dokupedes-dokumentshop\/produkt\/karteikarte-podo-therapiekarte-a5-klappkarte-version-2024-aktualisierte-innenseite\/","og_locale":"de_DE","og_type":"article","og_title":"Podo-Therapiekarte - DokuPEDES\u00ae | DOKUMENTSHOP","og_description":"Therapiesicherheit: Mit der Podo-Therapiekarte dokumentieren Sie professionell inhaltlich & fachlich aussagef\u00e4hig.","og_url":"https:\/\/dokupedes.de\/dokupedes-dokumentshop\/produkt\/karteikarte-podo-therapiekarte-a5-klappkarte-version-2024-aktualisierte-innenseite\/","og_site_name":"DokuPEDES\u00ae | DOKUMENTSHOP","article_publisher":"https:\/\/www.facebook.com\/dokupedes","article_modified_time":"2026-03-06T09:02:39+00:00","og_image":[{"width":880,"height":1244,"url":"https:\/\/dokupedes.de\/dokupedes-dokumentshop\/wp-content\/uploads\/sites\/2\/2016\/08\/2011-01-V-Karteikarte-1.1-muster.jpg","type":"image\/jpeg"}],"twitter_card":"summary_large_image","twitter_misc":{"Gesch\u00e4tzte Lesezeit":"1\u00a0Minute"},"schema":{"@context":"https:\/\/schema.org","@graph":[{"@type":"WebPage","@id":"https:\/\/dokupedes.de\/dokupedes-dokumentshop\/produkt\/karteikarte-podo-therapiekarte-a5-klappkarte-version-2024-aktualisierte-innenseite\/","url":"https:\/\/dokupedes.de\/dokupedes-dokumentshop\/produkt\/karteikarte-podo-therapiekarte-a5-klappkarte-version-2024-aktualisierte-innenseite\/","name":"Podo-Therapiekarte - DokuPEDES\u00ae | DOKUMENTSHOP","isPartOf":{"@id":"https:\/\/dokupedes.de\/dokupedes-dokumentshop\/#website"},"primaryImageOfPage":{"@id":"https:\/\/dokupedes.de\/dokupedes-dokumentshop\/produkt\/karteikarte-podo-therapiekarte-a5-klappkarte-version-2024-aktualisierte-innenseite\/#primaryimage"},"image":{"@id":"https:\/\/dokupedes.de\/dokupedes-dokumentshop\/produkt\/karteikarte-podo-therapiekarte-a5-klappkarte-version-2024-aktualisierte-innenseite\/#primaryimage"},"thumbnailUrl":"https:\/\/dokupedes.de\/dokupedes-dokumentshop\/wp-content\/uploads\/sites\/2\/2016\/08\/2011-01-V-Karteikarte-1.1-muster.jpg","datePublished":"2024-01-21T10:54:37+00:00","dateModified":"2026-03-06T09:02:39+00:00","description":"Therapiesicherheit: Mit der Podo-Therapiekarte dokumentieren Sie professionell inhaltlich & fachlich aussagef\u00e4hig.","breadcrumb":{"@id":"https:\/\/dokupedes.de\/dokupedes-dokumentshop\/produkt\/karteikarte-podo-therapiekarte-a5-klappkarte-version-2024-aktualisierte-innenseite\/#breadcrumb"},"inLanguage":"de","potentialAction":[{"@type":"ReadAction","target":["https:\/\/dokupedes.de\/dokupedes-dokumentshop\/produkt\/karteikarte-podo-therapiekarte-a5-klappkarte-version-2024-aktualisierte-innenseite\/"]}]},{"@type":"ImageObject","inLanguage":"de","@id":"https:\/\/dokupedes.de\/dokupedes-dokumentshop\/produkt\/karteikarte-podo-therapiekarte-a5-klappkarte-version-2024-aktualisierte-innenseite\/#primaryimage","url":"https:\/\/dokupedes.de\/dokupedes-dokumentshop\/wp-content\/uploads\/sites\/2\/2016\/08\/2011-01-V-Karteikarte-1.1-muster.jpg","contentUrl":"https:\/\/dokupedes.de\/dokupedes-dokumentshop\/wp-content\/uploads\/sites\/2\/2016\/08\/2011-01-V-Karteikarte-1.1-muster.jpg","width":880,"height":1244},{"@type":"BreadcrumbList","@id":"https:\/\/dokupedes.de\/dokupedes-dokumentshop\/produkt\/karteikarte-podo-therapiekarte-a5-klappkarte-version-2024-aktualisierte-innenseite\/#breadcrumb","itemListElement":[{"@type":"ListItem","position":1,"name":"Startseite","item":"https:\/\/dokupedes.de\/dokupedes-dokumentshop\/"},{"@type":"ListItem","position":2,"name":"Shop","item":"https:\/\/dokupedes.de\/dokupedes-dokumentshop\/"},{"@type":"ListItem","position":3,"name":"KARTEIKARTE | PODO- THERAPIEKARTE A5 Klappkarte &#8211; Version 2024"}]},{"@type":"WebSite","@id":"https:\/\/dokupedes.de\/dokupedes-dokumentshop\/#website","url":"https:\/\/dokupedes.de\/dokupedes-dokumentshop\/","name":"DokuPEDES\u00ae | DOKUMENTSHOP","description":"Dokumentsystem f\u00fcr die Podologie","publisher":{"@id":"https:\/\/dokupedes.de\/dokupedes-dokumentshop\/#organization"},"potentialAction":[{"@type":"SearchAction","target":{"@type":"EntryPoint","urlTemplate":"https:\/\/dokupedes.de\/dokupedes-dokumentshop\/?s={search_term_string}"},"query-input":{"@type":"PropertyValueSpecification","valueRequired":true,"valueName":"search_term_string"}}],"inLanguage":"de"},{"@type":"Organization","@id":"https:\/\/dokupedes.de\/dokupedes-dokumentshop\/#organization","name":"DokuPEDES\u00ae | DOKUMENTSHOP","url":"https:\/\/dokupedes.de\/dokupedes-dokumentshop\/","logo":{"@type":"ImageObject","inLanguage":"de","@id":"https:\/\/dokupedes.de\/dokupedes-dokumentshop\/#\/schema\/logo\/image\/","url":"https:\/\/dokupedes.de\/dokupedes-dokumentshop\/wp-content\/uploads\/sites\/2\/2021\/07\/DokuPEDES-xs.jpg","contentUrl":"https:\/\/dokupedes.de\/dokupedes-dokumentshop\/wp-content\/uploads\/sites\/2\/2021\/07\/DokuPEDES-xs.jpg","width":480,"height":57,"caption":"DokuPEDES\u00ae | DOKUMENTSHOP"},"image":{"@id":"https:\/\/dokupedes.de\/dokupedes-dokumentshop\/#\/schema\/logo\/image\/"},"sameAs":["https:\/\/www.facebook.com\/dokupedes"]}]}},"_links":{"self":[{"href":"https:\/\/dokupedes.de\/dokupedes-dokumentshop\/wp-json\/wp\/v2\/product\/239003","targetHints":{"allow":["GET"]}}],"collection":[{"href":"https:\/\/dokupedes.de\/dokupedes-dokumentshop\/wp-json\/wp\/v2\/product"}],"about":[{"href":"https:\/\/dokupedes.de\/dokupedes-dokumentshop\/wp-json\/wp\/v2\/types\/product"}],"wp:featuredmedia":[{"embeddable":true,"href":"https:\/\/dokupedes.de\/dokupedes-dokumentshop\/wp-json\/wp\/v2\/media\/2665"}],"wp:attachment":[{"href":"https:\/\/dokupedes.de\/dokupedes-dokumentshop\/wp-json\/wp\/v2\/media?parent=239003"}],"wp:term":[{"taxonomy":"product_brand","embeddable":true,"href":"https:\/\/dokupedes.de\/dokupedes-dokumentshop\/wp-json\/wp\/v2\/product_brand?post=239003"},{"taxonomy":"product_cat","embeddable":true,"href":"https:\/\/dokupedes.de\/dokupedes-dokumentshop\/wp-json\/wp\/v2\/product_cat?post=239003"},{"taxonomy":"product_tag","embeddable":true,"href":"https:\/\/dokupedes.de\/dokupedes-dokumentshop\/wp-json\/wp\/v2\/product_tag?post=239003"}],"curies":[{"name":"wp","href":"https:\/\/api.w.org\/{rel}","templated":true}]}}